{"id":3724,"date":"2023-04-03T08:24:11","date_gmt":"2023-04-03T07:24:11","guid":{"rendered":"https:\/\/sitee.io\/cookiebeleid\/"},"modified":"2024-05-28T13:55:13","modified_gmt":"2024-05-28T12:55:13","slug":"politique-de-cookies","status":"publish","type":"page","link":"https:\/\/sitee.io\/fr\/politique-de-cookies\/","title":{"rendered":"Politique de cookies"},"content":{"rendered":"<section class=\"l-section wpb_row height_medium\"><div class=\"l-section-h i-cf\"><div class=\"g-cols vc_row via_flex valign_top type_default stacking_default\"><div class=\"vc_col-sm-12 wpb_column vc_column_container blog-detail-page-content\"><div class=\"vc_column-inner\"><div class=\"wpb_wrapper\"><h1 class=\"w-post-elm post_title entry-title color_link_inherit\">Politique de cookies<\/h1><div class=\"w-separator size_small\"><\/div><div class=\"wpb_text_column\"><div class=\"wpb_wrapper\"><p>Ce site fait usage de cookies.<\/p>\n<\/div><\/div><div class=\"w-separator size_large\"><\/div><div class=\"wpb_text_column\"><div class=\"wpb_wrapper\"><h2>Qu\u2019est-ce qu\u2019un cookie\u202f?<\/h2>\n<p>Un cookie est un petit fichier de chiffres et de lettres qui est plac\u00e9 sur votre ordinateur lorsque vous consultez un site. Il contient un code unique permettant au site de reconnaitre un utilisateur sur la base de l\u2019appareil qu\u2019il emploie. Lors de la prochaine visite sur le site, ce dernier retiendra des informations sur vos pr\u00e9f\u00e9rences gr\u00e2ce aux cookies (ex. langue, entreprises pr\u00e9f\u00e9r\u00e9es, recherches r\u00e9centes, etc.). Les cookies permettent que l\u2019interaction entre le visiteur et le site soit, de mani\u00e8re g\u00e9n\u00e9rale, plus fluide et plus rapide. En utilisant des cookies, le contenu ou la publicit\u00e9 d\u2019un site web peuvent \u00e9galement \u00eatre rendus plus pertinents pour le visiteur, car ils peuvent \u00eatre adapt\u00e9s \u00e0 ses pr\u00e9f\u00e9rences personnelles<\/p>\n<h2>Quels sont les cookies utilis\u00e9s et leur utilit\u00e9\u202f?<\/h2>\n<h3>Cookies n\u00e9cessaires.<\/h3>\n<p>Les cookies n\u00e9cessaires permettent aux les visiteurs de consulter le site et d\u2019utiliser correctement ses fonctionnalit\u00e9s. Sans les cookies n\u00e9cessaires, le site web ne fonctionnera pas correctement.<\/p>\n<h3>Cookies de performance.<\/h3>\n<p>Les cookies de performance sont utilis\u00e9s pour voir comment les visiteurs utilisent le site Web. Ces cookies ne peuvent pas \u00eatre utilis\u00e9s pour identifier directement un certain visiteur.<\/p>\n<h3>Cookies de fonctionnalit\u00e9.<\/h3>\n<p>Les cookies fonctionnels sont utilis\u00e9s pour m\u00e9moriser des informations sur les visiteurs du site web, telles que la langue.<\/p>\n<h3>Cookies de ciblage.<\/h3>\n<p>Les cookies de ciblage sont des cookies de tiers utilis\u00e9s pour suivre les visiteurs lorsqu\u2019ils visitent diff\u00e9rents sites web. Leur but est de diffuser des annonces personnalis\u00e9es et pertinentes pour l\u2019utilisateur individuel. Ainsi, ces annonces deviennent plus pr\u00e9cieuses pour les \u00e9diteurs et les annonceurs externes.<\/p>\n<h3>Cookies non class\u00e9s.<\/h3>\n<p>Les cookies non class\u00e9s sont des cookies que nous devons encore attribuer \u00e0 une certaine cat\u00e9gorie.<\/p>\n<h2>Gestion des cookies via votre navigateur.<\/h2>\n<p>Si vous souhaitez emp\u00eacher l\u2019installation de certains cookies sur votre ordinateur, vous pouvez l\u2019indiquer via les param\u00e8tres de confidentialit\u00e9 de votre navigateur. Il est possible de supprimer les cookies via les param\u00e8tres de confidentialit\u00e9 de votre navigateur.<\/p>\n<h2>Gestion des cookies via le site web via la banni\u00e8re d\u2019information sur les cookies.<\/h2>\n<p>Vous pouvez \u00e0 la fois accepter les cookies et r\u00e9voquer votre consentement \u00e0 tout moment. Bien entendu, les cookies n\u00e9cessaires, qui sont indispensables pour pouvoir utiliser le site web lors de votre (vos) visite(s), seront toujours accept\u00e9s automatiquement.<\/p>\n<h2>Autoriser les cookies.<\/h2>\n<p>En tant qu\u2019utilisateur, vous pouvez choisir si vous autorisez uniquement les cookies n\u00e9cessaires ou \u00e9galement les autres cookies (comme les cookies de ciblage,\u2026). Pour ce faire, cliquez sur l\u2019un des deux boutons situ\u00e9s sur la banni\u00e8re de cookies, dans le bas du site\u202f:<\/p>\n<ol>\n<li>\u00ab\u202fTout Accepter\u00bb\u202f: si vous cliquez sur ce bouton, vous donnez votre autorisation pour activer aussi bien les cookies n\u00e9cessaires que tous les autres types de cookies lors de vos visites sur le site.<\/li>\n<li>\u00ab\u00a0Afficher les d\u00e9tails\u00a0\u00bb : si vous, en tant qu\u2019utilisateur, cliquez sur ce bouton, vous verrez un aper\u00e7u de tous les types de cookies que nous pla\u00e7ons. Vous pouvez alors cocher ou d\u00e9cocher les cookies que vous souhaitez accepter ou refuser par cat\u00e9gorie. Les cookies n\u00e9cessaires, qui sont indispensables pour pouvoir utiliser le site web lors de votre (vos) visite(s), seront accept\u00e9s automatiquement. Vous confirmez ensuite votre choix en cliquant sur le bouton \u00ab\u00a0Sauver et fermer\u00a0\u00bb.<\/li>\n<\/ol>\n<h2>R\u00e9vocation de votre autorisation.<\/h2>\n<p>En tant qu\u2019utilisateur, vous pouvez r\u00e9voquer \u00e0 tout moment votre consentement (pr\u00e9alablement donn\u00e9) \u00e0 l\u2019utilisation de cookies tiers. Pour ce faire, il vous suffit de cliquer sur le bouton \u00ab\u202fParam\u00e8tres de cookie\u202f\u00bb en bas du site.<\/p>\n<p>La prochaine fois que vous visiterez le site web, la banni\u00e8re d\u2019information sur les cookies s\u2019affichera \u00e0 nouveau et vous pourrez \u00e0 nouveau s\u00e9lectionner vos pr\u00e9f\u00e9rences en mati\u00e8re de cookies.<\/p>\n<\/div><\/div><\/div><\/div><\/div><\/div><\/div><\/section>\n","protected":false},"excerpt":{"rendered":"Politique de cookiesCe site fait usage de cookies. Qu\u2019est-ce qu\u2019un cookie\u202f? Un cookie est un petit fichier de chiffres et de lettres qui est plac\u00e9 sur votre ordinateur lorsque vous consultez un site. Il contient un code unique permettant au site de reconnaitre un utilisateur sur la base de l\u2019appareil qu\u2019il emploie. Lors de la...","protected":false},"author":1,"featured_media":0,"parent":0,"menu_order":2,"comment_status":"closed","ping_status":"open","template":"","meta":{"_acf_changed":false,"footnotes":""},"functie_categorie":[],"class_list":["post-3724","page","type-page","status-publish","hentry"],"acf":[],"yoast_head":"<!-- This site is optimized with the Yoast SEO plugin v26.4 - https:\/\/yoast.com\/wordpress\/plugins\/seo\/ -->\n<title>Politique de cookies - Sitee<\/title>\n<meta name=\"description\" content=\"Lisez notre politique en mati\u00e8re de cookies ici et d\u00e9couvrez quels cookies nous utilisons, comment vous donnez votre consentement et comment vous pouvez le retirer.\" \/>\n<meta name=\"robots\" content=\"noindex, follow, max-snippet:-1, max-image-preview:large, max-video-preview:-1\" \/>\n<meta property=\"og:locale\" content=\"fr_FR\" \/>\n<meta property=\"og:type\" content=\"article\" \/>\n<meta property=\"og:title\" content=\"Politique de cookies - Sitee\" \/>\n<meta property=\"og:description\" content=\"Lisez notre politique en mati\u00e8re de cookies ici et d\u00e9couvrez quels cookies nous utilisons, comment vous donnez votre consentement et comment vous pouvez le retirer.\" \/>\n<meta property=\"og:url\" content=\"https:\/\/sitee.io\/fr\/politique-de-cookies\/\" \/>\n<meta property=\"og:site_name\" content=\"Sitee\" \/>\n<meta property=\"article:modified_time\" content=\"2024-05-28T12:55:13+00:00\" \/>\n<meta name=\"twitter:card\" content=\"summary_large_image\" \/>\n<meta name=\"twitter:label1\" content=\"Dur\u00e9e de lecture est.\" \/>\n\t<meta name=\"twitter:data1\" content=\"3 minutes\" \/>\n<script type=\"application\/ld+json\" class=\"yoast-schema-graph\">{\"@context\":\"https:\/\/schema.org\",\"@graph\":[{\"@type\":\"WebPage\",\"@id\":\"https:\/\/sitee.io\/fr\/politique-de-cookies\/\",\"url\":\"https:\/\/sitee.io\/fr\/politique-de-cookies\/\",\"name\":\"Politique de cookies - Sitee\",\"isPartOf\":{\"@id\":\"https:\/\/sitee.io\/#website\"},\"datePublished\":\"2023-04-03T07:24:11+00:00\",\"dateModified\":\"2024-05-28T12:55:13+00:00\",\"description\":\"Lisez notre politique en mati\u00e8re de cookies ici et d\u00e9couvrez quels cookies nous utilisons, comment vous donnez votre consentement et comment vous pouvez le retirer.\",\"breadcrumb\":{\"@id\":\"https:\/\/sitee.io\/fr\/politique-de-cookies\/#breadcrumb\"},\"inLanguage\":\"fr-BE\",\"potentialAction\":[{\"@type\":\"ReadAction\",\"target\":[\"https:\/\/sitee.io\/fr\/politique-de-cookies\/\"]}]},{\"@type\":\"BreadcrumbList\",\"@id\":\"https:\/\/sitee.io\/fr\/politique-de-cookies\/#breadcrumb\",\"itemListElement\":[{\"@type\":\"ListItem\",\"position\":1,\"name\":\"Home\",\"item\":\"https:\/\/sitee.io\/fr\/\"},{\"@type\":\"ListItem\",\"position\":2,\"name\":\"Politique de cookies\"}]},{\"@type\":\"WebSite\",\"@id\":\"https:\/\/sitee.io\/#website\",\"url\":\"https:\/\/sitee.io\/\",\"name\":\"Sitee\",\"description\":\"\",\"publisher\":{\"@id\":\"https:\/\/sitee.io\/#organization\"},\"alternateName\":\"Sitee.io\",\"potentialAction\":[{\"@type\":\"SearchAction\",\"target\":{\"@type\":\"EntryPoint\",\"urlTemplate\":\"https:\/\/sitee.io\/?s={search_term_string}\"},\"query-input\":{\"@type\":\"PropertyValueSpecification\",\"valueRequired\":true,\"valueName\":\"search_term_string\"}}],\"inLanguage\":\"fr-BE\"},{\"@type\":\"Organization\",\"@id\":\"https:\/\/sitee.io\/#organization\",\"name\":\"Sitee\",\"alternateName\":\"Sitee.io\",\"url\":\"https:\/\/sitee.io\/\",\"logo\":{\"@type\":\"ImageObject\",\"inLanguage\":\"fr-BE\",\"@id\":\"https:\/\/sitee.io\/#\/schema\/logo\/image\/\",\"url\":\"https:\/\/sitee.io\/wp-content\/uploads\/2023\/03\/favicon.png\",\"contentUrl\":\"https:\/\/sitee.io\/wp-content\/uploads\/2023\/03\/favicon.png\",\"width\":270,\"height\":270,\"caption\":\"Sitee\"},\"image\":{\"@id\":\"https:\/\/sitee.io\/#\/schema\/logo\/image\/\"}}]}<\/script>\n<!-- \/ Yoast SEO plugin. -->","yoast_head_json":{"title":"Politique de cookies - Sitee","description":"Lisez notre politique en mati\u00e8re de cookies ici et d\u00e9couvrez quels cookies nous utilisons, comment vous donnez votre consentement et comment vous pouvez le retirer.","robots":{"index":"noindex","follow":"follow","max-snippet":"max-snippet:-1","max-image-preview":"max-image-preview:large","max-video-preview":"max-video-preview:-1"},"og_locale":"fr_FR","og_type":"article","og_title":"Politique de cookies - Sitee","og_description":"Lisez notre politique en mati\u00e8re de cookies ici et d\u00e9couvrez quels cookies nous utilisons, comment vous donnez votre consentement et comment vous pouvez le retirer.","og_url":"https:\/\/sitee.io\/fr\/politique-de-cookies\/","og_site_name":"Sitee","article_modified_time":"2024-05-28T12:55:13+00:00","twitter_card":"summary_large_image","twitter_misc":{"Dur\u00e9e de lecture est.":"3 minutes"},"schema":{"@context":"https:\/\/schema.org","@graph":[{"@type":"WebPage","@id":"https:\/\/sitee.io\/fr\/politique-de-cookies\/","url":"https:\/\/sitee.io\/fr\/politique-de-cookies\/","name":"Politique de cookies - Sitee","isPartOf":{"@id":"https:\/\/sitee.io\/#website"},"datePublished":"2023-04-03T07:24:11+00:00","dateModified":"2024-05-28T12:55:13+00:00","description":"Lisez notre politique en mati\u00e8re de cookies ici et d\u00e9couvrez quels cookies nous utilisons, comment vous donnez votre consentement et comment vous pouvez le retirer.","breadcrumb":{"@id":"https:\/\/sitee.io\/fr\/politique-de-cookies\/#breadcrumb"},"inLanguage":"fr-BE","potentialAction":[{"@type":"ReadAction","target":["https:\/\/sitee.io\/fr\/politique-de-cookies\/"]}]},{"@type":"BreadcrumbList","@id":"https:\/\/sitee.io\/fr\/politique-de-cookies\/#breadcrumb","itemListElement":[{"@type":"ListItem","position":1,"name":"Home","item":"https:\/\/sitee.io\/fr\/"},{"@type":"ListItem","position":2,"name":"Politique de cookies"}]},{"@type":"WebSite","@id":"https:\/\/sitee.io\/#website","url":"https:\/\/sitee.io\/","name":"Sitee","description":"","publisher":{"@id":"https:\/\/sitee.io\/#organization"},"alternateName":"Sitee.io","potentialAction":[{"@type":"SearchAction","target":{"@type":"EntryPoint","urlTemplate":"https:\/\/sitee.io\/?s={search_term_string}"},"query-input":{"@type":"PropertyValueSpecification","valueRequired":true,"valueName":"search_term_string"}}],"inLanguage":"fr-BE"},{"@type":"Organization","@id":"https:\/\/sitee.io\/#organization","name":"Sitee","alternateName":"Sitee.io","url":"https:\/\/sitee.io\/","logo":{"@type":"ImageObject","inLanguage":"fr-BE","@id":"https:\/\/sitee.io\/#\/schema\/logo\/image\/","url":"https:\/\/sitee.io\/wp-content\/uploads\/2023\/03\/favicon.png","contentUrl":"https:\/\/sitee.io\/wp-content\/uploads\/2023\/03\/favicon.png","width":270,"height":270,"caption":"Sitee"},"image":{"@id":"https:\/\/sitee.io\/#\/schema\/logo\/image\/"}}]}},"_links":{"self":[{"href":"https:\/\/sitee.io\/fr\/wp-json\/wp\/v2\/pages\/3724","targetHints":{"allow":["GET"]}}],"collection":[{"href":"https:\/\/sitee.io\/fr\/wp-json\/wp\/v2\/pages"}],"about":[{"href":"https:\/\/sitee.io\/fr\/wp-json\/wp\/v2\/types\/page"}],"author":[{"embeddable":true,"href":"https:\/\/sitee.io\/fr\/wp-json\/wp\/v2\/users\/1"}],"replies":[{"embeddable":true,"href":"https:\/\/sitee.io\/fr\/wp-json\/wp\/v2\/comments?post=3724"}],"version-history":[{"count":4,"href":"https:\/\/sitee.io\/fr\/wp-json\/wp\/v2\/pages\/3724\/revisions"}],"predecessor-version":[{"id":3743,"href":"https:\/\/sitee.io\/fr\/wp-json\/wp\/v2\/pages\/3724\/revisions\/3743"}],"wp:attachment":[{"href":"https:\/\/sitee.io\/fr\/wp-json\/wp\/v2\/media?parent=3724"}],"wp:term":[{"taxonomy":"functie_categorie","embeddable":true,"href":"https:\/\/sitee.io\/fr\/wp-json\/wp\/v2\/functie_categorie?post=3724"}],"curies":[{"name":"wp","href":"https:\/\/api.w.org\/{rel}","templated":true}]}}