{"id":2067,"date":"2023-03-09T10:07:09","date_gmt":"2023-03-09T09:07:09","guid":{"rendered":"https:\/\/sitee.io\/prijzen\/"},"modified":"2025-05-27T08:44:22","modified_gmt":"2025-05-27T07:44:22","slug":"tarifs","status":"publish","type":"page","link":"https:\/\/sitee.io\/fr\/tarifs\/","title":{"rendered":"Tarifs"},"content":{"rendered":"<section class=\"l-section wpb_row height_auto\"><div class=\"l-section-h i-cf\"><div class=\"g-cols vc_row via_flex valign_top type_default stacking_default\"><div class=\"vc_col-sm-12 wpb_column vc_column_container\"><div class=\"vc_column-inner\"><div class=\"wpb_wrapper\"><\/div><\/div><\/div><\/div><\/div><\/section><section class=\"l-section wpb_row height_small\"><div class=\"l-section-h i-cf\"><div class=\"g-cols vc_row via_flex valign_top type_default stacking_default\"><div class=\"vc_col-sm-12 wpb_column vc_column_container\"><div class=\"vc_column-inner\"><div class=\"wpb_wrapper\"><div class=\"wpb_text_column\"><div class=\"wpb_wrapper\"><h2>Choisissez votre plan tarifaire<\/h2>\n<\/div><\/div><div class=\"w-separator size_small\"><\/div><div class=\"wpb_text_column\"><div class=\"wpb_wrapper\"><p>Choisissez votre m\u00e9thode de facturation apr\u00e8s avoir s\u00e9lectionn\u00e9 un abonnement.<\/p>\n<\/div><\/div><div class=\"wpb_text_column us_custom_6745946f has_text_color\"><div class=\"wpb_wrapper\"><p>* \u00c9conomisez jusqu&rsquo;\u00e0 15 % en optant pour la facturation annuelle.<\/p>\n<\/div><\/div><div class=\"w-separator size_medium\"><\/div><div class=\"g-cols wpb_row via_flex valign_middle type_default stacking_default\" style=\"--additional-gap:25px;\"><div class=\"vc_col-sm-6 wpb_column vc_column_container\"><div class=\"vc_column-inner\"><div class=\"wpb_wrapper\"><div class=\"w-hwrapper number-users valign_middle align_right\" style=\"--hwrapper-gap:15px\"><div class=\"wpb_text_column number-users-word\"><div class=\"wpb_wrapper\"><p>Nombre d&#8217;employ\u00e9s :<\/p>\n<\/div><\/div><div class=\"w-iconbox colleague-buttons iconpos_top style_default color_secondary align_center no_text no_title\" id=\"mincolleague\"><div class=\"w-iconbox-icon\" style=\"font-size:18px;\"><i class=\"fas fa-minus\"><\/i><\/div><div class=\"w-iconbox-meta\"><\/div><\/div><div class=\"wpb_text_column numbercolleague\"><div class=\"wpb_wrapper\"><p style=\"text-align: left;\">1<\/p>\n<\/div><\/div><div class=\"w-iconbox colleague-buttons iconpos_top style_default color_secondary align_center no_text no_title\" id=\"pluscolleague\"><div class=\"w-iconbox-icon\" style=\"font-size:18px;\"><i class=\"fas fa-plus\"><\/i><\/div><div class=\"w-iconbox-meta\"><\/div><\/div><\/div><\/div><\/div><\/div><div class=\"vc_col-sm-6 wpb_column vc_column_container\"><div class=\"vc_column-inner\"><div class=\"wpb_wrapper\"><div class=\"w-hwrapper month-year valign_middle align_left\" style=\"--hwrapper-gap:15px\"><div class=\"wpb_text_column\"><div class=\"wpb_wrapper\"><p>Mensuel<\/p>\n<\/div><\/div><div class=\"w-html\"><label class=\"switchprices\">\n  <input type=\"checkbox\" value=\"month\" id=\"priceswitch\">\n  <span class=\"switchprices-round\"><\/span>\n<\/label><\/div><div class=\"wpb_text_column\"><div class=\"wpb_wrapper\"><p>Annuel<\/p>\n<\/div><\/div><\/div><\/div><\/div><\/div><\/div><p class=\"w-post-elm post_custom_field pricecolleague hiddenprices type_text price_extra_colleague color_link_inherit\"><span class=\"w-post-elm-value\">10<\/span><\/p><\/div><\/div><\/div><\/div><\/div><\/section><section class=\"l-section wpb_row price-tables height_small\"><div class=\"l-section-h i-cf\"><div class=\"g-cols vc_row via_flex valign_top type_default stacking_default\" style=\"--additional-gap:15px;\"><div class=\"vc_col-sm-6 vc_col-lg-4 vc_col-md-4 wpb_column vc_column_container price-table\"><div class=\"vc_column-inner\"><div class=\"wpb_wrapper\"><div class=\"wpb_text_column priceplan-title\"><div class=\"wpb_wrapper\"><h3>Base<\/h3>\n<\/div><\/div><div class=\"w-separator size_small\"><\/div><p class=\"w-post-elm post_custom_field monthplan hiddenprices type_text monthplan_base color_link_inherit\"><span class=\"w-post-elm-value\">25<\/span><\/p><p class=\"w-post-elm post_custom_field yearplan hiddenprices type_text yearplan_base color_link_inherit\"><span class=\"w-post-elm-value\">22<\/span><\/p><div class=\"w-hwrapper priceblock valign_baseline align_none\" style=\"--hwrapper-gap:10px\"><div class=\"w-iconbox euro-icon iconpos_top style_default color_contrast align_center no_text no_title\"><div class=\"w-iconbox-icon\" style=\"font-size:33px;\"><i class=\"fas fa-euro-sign\"><\/i><\/div><div class=\"w-iconbox-meta\"><\/div><\/div><div class=\"wpb_text_column priceplan\"><div class=\"wpb_wrapper\"><h4>Price<\/h4>\n<\/div><\/div><div class=\"wpb_text_column\"><div class=\"wpb_wrapper\"><h5>\/ mois<\/h5>\n<\/div><\/div><\/div><div class=\"wpb_text_column us_custom_45bea478 colleaguemaxtext\"><div class=\"wpb_wrapper\"><p>Contactez nous s&rsquo;il vous plait.<\/p>\n<\/div><\/div><div class=\"w-separator size_small\"><\/div><div class=\"wpb_text_column\"><div class=\"wpb_wrapper\"><p>\u20ac10\/m par US<\/p>\n<\/div><\/div><div class=\"w-separator size_small\"><\/div><div class=\"wpb_text_column function-in-plan\"><div class=\"wpb_wrapper\"><p>Fonctionnalit\u00e9s incluses\u00a0:<\/p>\n<ul>\n<li>Gestion des clients (CRM)<\/li>\n<li>Planification et rendez-vous<\/li>\n<li>Automatisation du marketing<\/li>\n<\/ul>\n<\/div><\/div><div class=\"w-separator size_small\"><\/div><div class=\"wpb_text_column extra-in-price\"><div class=\"wpb_wrapper\"><p>Inclus en sus :<\/p>\n<ul>\n<li>50 SMS par mois<\/li>\n<li>E-mails illimit\u00e9s<\/li>\n<li>Jusqu\u2019\u00e0 2500 clients sauvegard\u00e9s<\/li>\n<li>1 session de configuration<\/li>\n<li>Support technique<\/li>\n<\/ul>\n<\/div><\/div><div class=\"w-separator size_small\"><\/div><div class=\"w-btn-wrapper align_none\"><a class=\"w-btn us-btn-style_5 icon_atright\" target=\"_blank\" rel=\"nofollow\" href=\"https:\/\/experience.sitee.io\/fr\/enregistrer-sitee-base\"><span class=\"w-btn-label\">Demander<\/span><i class=\"fas fa-arrow-right\"><\/i><\/a><\/div><\/div><\/div><\/div><div class=\"vc_col-sm-6 vc_col-lg-4 vc_col-md-4 wpb_column vc_column_container price-table variant-price-table\"><div class=\"vc_column-inner\"><div class=\"wpb_wrapper\"><div class=\"wpb_text_column priceplan-title\"><div class=\"wpb_wrapper\"><h3>Starter<\/h3>\n<\/div><\/div><div class=\"w-separator size_small\"><\/div><p class=\"w-post-elm post_custom_field monthplan hiddenprices type_text monthplan_starter color_link_inherit\"><span class=\"w-post-elm-value\">45<\/span><\/p><p class=\"w-post-elm post_custom_field yearplan hiddenprices type_text yearplan_starter color_link_inherit\"><span class=\"w-post-elm-value\">39<\/span><\/p><div class=\"w-hwrapper priceblock valign_baseline align_none\" style=\"--hwrapper-gap:10px\"><div class=\"w-iconbox euro-icon iconpos_top style_default color_contrast align_center no_text no_title\"><div class=\"w-iconbox-icon\" style=\"font-size:33px;\"><i class=\"fas fa-euro-sign\"><\/i><\/div><div class=\"w-iconbox-meta\"><\/div><\/div><div class=\"wpb_text_column priceplan\"><div class=\"wpb_wrapper\"><h4>Price<\/h4>\n<\/div><\/div><div class=\"wpb_text_column\"><div class=\"wpb_wrapper\"><h5>\/ mois<\/h5>\n<\/div><\/div><\/div><div class=\"wpb_text_column us_custom_45bea478 colleaguemaxtext\"><div class=\"wpb_wrapper\"><p>Contactez nous s&rsquo;il vous plait.<\/p>\n<\/div><\/div><div class=\"w-separator size_small\"><\/div><div class=\"wpb_text_column\"><div class=\"wpb_wrapper\"><p>\u20ac10\/m par US<\/p>\n<\/div><\/div><div class=\"w-separator size_small\"><\/div><div class=\"wpb_text_column function-in-plan\"><div class=\"wpb_wrapper\"><p>Fonctionnalit\u00e9s incluses\u00a0:<\/p>\n<ul>\n<li>Gestion des clients (CRM)<\/li>\n<li>Planification et rendez-vous<\/li>\n<li>Automatisation du marketing<\/li>\n<li>Module de devis et de facturation<\/li>\n<\/ul>\n<\/div><\/div><div class=\"w-separator size_small\"><\/div><div class=\"wpb_text_column extra-in-price\"><div class=\"wpb_wrapper\"><p>Inclus en sus :<\/p>\n<ul>\n<li>150 SMS par mois<\/li>\n<li>E-mails illimit\u00e9s<\/li>\n<li>Jusqu\u2019\u00e0 10000 clients sauvegard\u00e9s<\/li>\n<li>2 sessions de configuration<\/li>\n<li>Support technique<\/li>\n<\/ul>\n<\/div><\/div><div class=\"w-separator size_small\"><\/div><div class=\"w-btn-wrapper align_none\"><a class=\"w-btn us-btn-style_5 icon_atright\" target=\"_blank\" rel=\"nofollow\" href=\"https:\/\/experience.sitee.io\/fr\/enregistrer-sitee-starter\"><span class=\"w-btn-label\">Demander<\/span><i class=\"fas fa-arrow-right\"><\/i><\/a><\/div><\/div><\/div><\/div><\/div><\/div><\/section><section class=\"l-section wpb_row height_large\"><div class=\"l-section-h i-cf\"><div class=\"g-cols vc_row via_flex valign_top type_default stacking_default\"><div class=\"vc_col-sm-12 wpb_column vc_column_container\"><div class=\"vc_column-inner\"><div class=\"wpb_wrapper\"><div class=\"wpb_text_column smiley\"><div class=\"wpb_wrapper\"><h2><em>FAQ<\/em><\/h2>\n<\/div><\/div><div class=\"w-separator size_medium\"><\/div><div class=\"w-tabs faq-questions style_default switch_click accordion has_scrolling\" style=\"--sections-title-size:inherit\"><div class=\"w-tabs-sections titles-align_none icon_chevron cpos_right\"><div class=\"w-tabs-section has_text_color\" id=\"s2e4\" style=\"color:var(--color-content-text);\"><button class=\"w-tabs-section-header\" aria-controls=\"content-s2e4\" aria-expanded=\"false\"><div class=\"w-tabs-section-title\">Comment s&rsquo;inscrire sur Sitee ?<\/div><div class=\"w-tabs-section-control\"><\/div><\/button><div  class=\"w-tabs-section-content\" id=\"content-s2e4\"><div class=\"w-tabs-section-content-h i-cf\"><div class=\"wpb_text_column\"><div class=\"wpb_wrapper\"><p>Vous pouvez r\u00e9server une d\u00e9monstration avec un expert Sitee. Il vous conseillera sur la formule d&rsquo;abonnement qui vous convient le mieux et vous fournira un devis. Vous pouvez ensuite conclure un abonnement en acceptant ce devis.<\/p>\n<\/div><\/div><\/div><\/div><\/div><div class=\"w-tabs-section has_text_color\" id=\"t390\" style=\"color:var(--color-content-text);\"><button class=\"w-tabs-section-header\" aria-controls=\"content-t390\" aria-expanded=\"false\"><div class=\"w-tabs-section-title\">Quels sont les abonnements et les fonctionnalit\u00e9s disponibles ?<\/div><div class=\"w-tabs-section-control\"><\/div><\/button><div  class=\"w-tabs-section-content\" id=\"content-t390\"><div class=\"w-tabs-section-content-h i-cf\"><div class=\"wpb_text_column\"><div class=\"wpb_wrapper\"><p>Vous pouvez consulter notre offre compl\u00e8te sur notre page de tarification. Vous y trouverez des informations sur les diff\u00e9rents abonnements disponibles et sur ce qui est inclus. De nouvelles fonctionnalit\u00e9s sont \u00e9galement ajout\u00e9es r\u00e9guli\u00e8rement, de sorte que nous travaillons constamment \u00e0 l&rsquo;am\u00e9lioration de notre produit.<\/p>\n<p>Vous trouverez toutes les informations sur les diff\u00e9rentes fonctionnalit\u00e9s de Sitee sur la page de pr\u00e9sentation du produit.<\/p>\n<p>Il est \u00e9galement possible de r\u00e9server une d\u00e9mo en ligne avec un expert Sitee, qui se fera un plaisir de vous expliquer comment fonctionne la plateforme et quelle est la meilleure formule pour vous.<\/p>\n<\/div><\/div><\/div><\/div><\/div><div class=\"w-tabs-section has_text_color\" id=\"e42d\" style=\"color:var(--color-content-text);\"><button class=\"w-tabs-section-header\" aria-controls=\"content-e42d\" aria-expanded=\"false\"><div class=\"w-tabs-section-title\">Comment mettre fin \u00e0 mon abonnement ?<\/div><div class=\"w-tabs-section-control\"><\/div><\/button><div  class=\"w-tabs-section-content\" id=\"content-e42d\"><div class=\"w-tabs-section-content-h i-cf\"><div class=\"wpb_text_column\"><div class=\"wpb_wrapper\"><p>La dur\u00e9e initiale de votre abonnement est de 12 mois. Votre contrat est automatiquement renouvel\u00e9 pour la m\u00eame dur\u00e9e que celle initialement convenue. Si vous souhaitez mettre fin \u00e0 votre abonnement, vous devez nous en informer par \u00e9crit au moins trois mois avant la date de fin de votre contrat.<\/p>\n<p>Si vous ne souhaitez plus utiliser nos services, vous pouvez contacter notre \u00e9quipe Sitee au <a href=\"tel: 078 15 15 25\">078 15 15 25<\/a> ou via un message sur <a href=\"https:\/\/sitee.io\/fr\/contact\/\">notre page de contact<\/a>.<\/p>\n<\/div><\/div><\/div><\/div><\/div><\/div><\/div><div class=\"w-separator size_medium\"><\/div><div class=\"w-btn-wrapper align_center\"><a class=\"w-btn us-btn-style_5 icon_atright\" target=\"_blank\" title=\"Help\" href=\"https:\/\/support.sitee.io\/hc\/fr\"><span class=\"w-btn-label\">Voir toutes les FAQ<\/span><i class=\"fas fa-arrow-right\"><\/i><\/a><\/div><\/div><\/div><\/div><\/div><\/div><\/section><section class=\"l-section wpb_row height_auto\"><div class=\"l-section-h i-cf\"><div class=\"g-cols vc_row via_flex valign_top type_default stacking_default\"><div class=\"vc_col-sm-12 wpb_column vc_column_container\"><div class=\"vc_column-inner\"><div class=\"wpb_wrapper\"><div class=\"w-html\"><script>  \nvar monthprices = document.querySelectorAll('.monthplan');\nvar priceplanchange = document.querySelectorAll('.priceplan');\nvar yearprices = document.querySelectorAll('.yearplan');\n\nvar colleague = document.querySelector('.numbercolleague').querySelector('div').querySelector('p');\nvar colleaguetext = colleague.innerHTML\nvar numbercolleague = parseInt(colleaguetext);\n\nvar pricecolleague = document.querySelector('.pricecolleague').querySelector('span').innerHTML;\nvar pricecolleaguenumber = parseInt(pricecolleague);\n\nvar priceblock = document.querySelectorAll('.priceblock');\n\nvar colleaguemaxtext = document.querySelectorAll('.colleaguemaxtext');\n\nfor (let i = 0; i < monthprices.length; i++) {\n  priceplanchange[i].innerHTML = monthprices[i].querySelector('span').innerHTML;\n}\n\nfunction changePrices() {\n  if(switcher.value === \"month\") {\n    for (let i = 0; i < priceplanchange.length; i++) {\n      if(numbercolleague == 1) {\n        priceplanchange[i].innerHTML = yearprices[i].querySelector('span').innerHTML;\n        priceblock[i].style.display = \"inline-block\";\n        colleaguemaxtext[i].style.display = \"none\";\n      }\n      else if (numbercolleague == 10) {\n        priceblock[i].style.display = \"none\";\n        colleaguemaxtext[i].style.display = \"inline-block\";\n      }\n      else { \n        var newprice = (numbercolleague * pricecolleaguenumber) + parseInt(yearprices[i].querySelector('span').innerHTML);\n        priceplanchange[i].innerHTML = newprice;\n        priceblock[i].style.display = \"inline-block\";\n        colleaguemaxtext[i].style.display = \"none\";\n      }\n    }\n    switcher.value = \"year\";\n  }\n\n  else if(switcher.value === \"year\") {\n    for (let i = 0; i < priceplanchange.length; i++) {\n      if(numbercolleague == 1) {\n        priceplanchange[i].innerHTML = monthprices[i].querySelector('span').innerHTML;\n        priceblock[i].style.display = \"inline-block\";\n        colleaguemaxtext[i].style.display = \"none\";\n      }\n      else if (numbercolleague == 10) {\n        priceblock[i].style.display = \"none\";\n        colleaguemaxtext[i].style.display = \"inline-block\";\n      }\n      else { \n        var newprice = (numbercolleague * pricecolleaguenumber) + parseInt(monthprices[i].querySelector('span').innerHTML);\n        priceplanchange[i].innerHTML = newprice;\n        priceblock[i].style.display = \"inline-block\";\n        colleaguemaxtext[i].style.display = \"none\";\n      }\n    }\n    switcher.value = \"month\";\n  }\n}\n\nfunction addColleague() {\n  if (numbercolleague === 10) {\n    numbercolleague = 10;\n    colleague.innerHTML = numbercolleague.toString();\n  } \n  else {\n    numbercolleague++;\n    colleague.innerHTML = numbercolleague.toString();\n    \n    for (let i = 0; i < priceplanchange.length; i++) {\n       priceblock[i].style.display = \"inline-block\";\n       colleaguemaxtext[i].style.display = \"none\";\n       var pricenow = parseInt(priceplanchange[i].innerHTML);\n       var newprice = pricenow + pricecolleaguenumber;\n       priceplanchange[i].innerHTML = newprice;\n    }\n    \n    if (numbercolleague === 10) {\n      for (let i = 0; i < priceplanchange.length; i++) {\n        priceblock[i].style.display = \"none\";\n        colleaguemaxtext[i].style.display = \"inline-block\";\n      }\n    } \n  }\n}\n\nfunction minColleague() {\n  if (numbercolleague === 1) {\n    numbercolleague = 1;\n    colleague.innerHTML = numbercolleague.toString();\n  } \n  else {\n    numbercolleague--;\n    colleague.innerHTML = numbercolleague.toString();\n\n    for (let i = 0; i < priceplanchange.length; i++) {\n       priceblock[i].style.display = \"inline-block\";\n       colleaguemaxtext[i].style.display = \"none\";\n       var pricenow = parseInt(priceplanchange[i].innerHTML);\n       var newprice = pricenow - pricecolleaguenumber;\n       priceplanchange[i].innerHTML = newprice;\n    }\n  }\n}\n\nconst switcher = document.getElementById(\"priceswitch\");\nswitcher.addEventListener(\"click\", changePrices, false);\n\nconst addcolleague = document.getElementById(\"pluscolleague\");\naddcolleague.addEventListener(\"click\", addColleague, false);\n\nconst mincolleague = document.getElementById(\"mincolleague\");\nmincolleague.addEventListener(\"click\", minColleague, false);\n\n<\/script>  <\/div><\/div><\/div><\/div><\/div><\/div><\/section>\n","protected":false},"excerpt":{"rendered":"Choisissez votre plan tarifaire Choisissez votre m\u00e9thode de facturation apr\u00e8s avoir s\u00e9lectionn\u00e9 un abonnement. * \u00c9conomisez jusqu&rsquo;\u00e0 15 % en optant pour la facturation annuelle. Nombre d&#8217;employ\u00e9s : 1 Mensuel Annuel 10 Base 2522 Price \/ mois Contactez nous s&rsquo;il vous plait. \u20ac10\/m par US Fonctionnalit\u00e9s incluses\u00a0: Gestion des clients (CRM) Planification et rendez-vous Automatisation...","protected":false},"author":1,"featured_media":0,"parent":0,"menu_order":7,"comment_status":"closed","ping_status":"closed","template":"","meta":{"_acf_changed":false,"footnotes":""},"functie_categorie":[],"class_list":["post-2067","page","type-page","status-publish","hentry"],"acf":[],"yoast_head":"<!-- This site is optimized with the Yoast SEO plugin v26.4 - https:\/\/yoast.com\/wordpress\/plugins\/seo\/ -->\n<title>Tarifs - Sitee<\/title>\n<meta name=\"description\" content=\"Choisissez le forfait qui convient \u00e0 votre entreprise. Vous ne payez jamais trop cher avec Sitee. Vous ne payez que ce dont vous avez besoin !\" \/>\n<meta name=\"robots\" content=\"noindex, follow, max-snippet:-1, max-image-preview:large, max-video-preview:-1\" \/>\n<meta property=\"og:locale\" content=\"fr_FR\" \/>\n<meta property=\"og:type\" content=\"article\" \/>\n<meta property=\"og:title\" content=\"Tarifs - Sitee\" \/>\n<meta property=\"og:description\" content=\"Choisissez le forfait qui convient \u00e0 votre entreprise. Vous ne payez jamais trop cher avec Sitee. Vous ne payez que ce dont vous avez besoin !\" \/>\n<meta property=\"og:url\" content=\"https:\/\/sitee.io\/fr\/tarifs\/\" \/>\n<meta property=\"og:site_name\" content=\"Sitee\" \/>\n<meta property=\"article:modified_time\" content=\"2025-05-27T07:44:22+00:00\" \/>\n<meta name=\"twitter:card\" content=\"summary_large_image\" \/>\n<meta name=\"twitter:label1\" content=\"Dur\u00e9e de lecture est.\" \/>\n\t<meta name=\"twitter:data1\" content=\"3 minutes\" \/>\n<script type=\"application\/ld+json\" class=\"yoast-schema-graph\">{\"@context\":\"https:\/\/schema.org\",\"@graph\":[{\"@type\":\"WebPage\",\"@id\":\"https:\/\/sitee.io\/fr\/tarifs\/\",\"url\":\"https:\/\/sitee.io\/fr\/tarifs\/\",\"name\":\"Tarifs - Sitee\",\"isPartOf\":{\"@id\":\"https:\/\/sitee.io\/#website\"},\"datePublished\":\"2023-03-09T09:07:09+00:00\",\"dateModified\":\"2025-05-27T07:44:22+00:00\",\"description\":\"Choisissez le forfait qui convient \u00e0 votre entreprise. Vous ne payez jamais trop cher avec Sitee. Vous ne payez que ce dont vous avez besoin !\",\"breadcrumb\":{\"@id\":\"https:\/\/sitee.io\/fr\/tarifs\/#breadcrumb\"},\"inLanguage\":\"fr-BE\",\"potentialAction\":[{\"@type\":\"ReadAction\",\"target\":[\"https:\/\/sitee.io\/fr\/tarifs\/\"]}]},{\"@type\":\"BreadcrumbList\",\"@id\":\"https:\/\/sitee.io\/fr\/tarifs\/#breadcrumb\",\"itemListElement\":[{\"@type\":\"ListItem\",\"position\":1,\"name\":\"Home\",\"item\":\"https:\/\/sitee.io\/fr\/\"},{\"@type\":\"ListItem\",\"position\":2,\"name\":\"Tarifs\"}]},{\"@type\":\"WebSite\",\"@id\":\"https:\/\/sitee.io\/#website\",\"url\":\"https:\/\/sitee.io\/\",\"name\":\"Sitee\",\"description\":\"\",\"publisher\":{\"@id\":\"https:\/\/sitee.io\/#organization\"},\"alternateName\":\"Sitee.io\",\"potentialAction\":[{\"@type\":\"SearchAction\",\"target\":{\"@type\":\"EntryPoint\",\"urlTemplate\":\"https:\/\/sitee.io\/?s={search_term_string}\"},\"query-input\":{\"@type\":\"PropertyValueSpecification\",\"valueRequired\":true,\"valueName\":\"search_term_string\"}}],\"inLanguage\":\"fr-BE\"},{\"@type\":\"Organization\",\"@id\":\"https:\/\/sitee.io\/#organization\",\"name\":\"Sitee\",\"alternateName\":\"Sitee.io\",\"url\":\"https:\/\/sitee.io\/\",\"logo\":{\"@type\":\"ImageObject\",\"inLanguage\":\"fr-BE\",\"@id\":\"https:\/\/sitee.io\/#\/schema\/logo\/image\/\",\"url\":\"https:\/\/sitee.io\/wp-content\/uploads\/2023\/03\/favicon.png\",\"contentUrl\":\"https:\/\/sitee.io\/wp-content\/uploads\/2023\/03\/favicon.png\",\"width\":270,\"height\":270,\"caption\":\"Sitee\"},\"image\":{\"@id\":\"https:\/\/sitee.io\/#\/schema\/logo\/image\/\"}}]}<\/script>\n<!-- \/ Yoast SEO plugin. -->","yoast_head_json":{"title":"Tarifs - Sitee","description":"Choisissez le forfait qui convient \u00e0 votre entreprise. Vous ne payez jamais trop cher avec Sitee. Vous ne payez que ce dont vous avez besoin !","robots":{"index":"noindex","follow":"follow","max-snippet":"max-snippet:-1","max-image-preview":"max-image-preview:large","max-video-preview":"max-video-preview:-1"},"og_locale":"fr_FR","og_type":"article","og_title":"Tarifs - Sitee","og_description":"Choisissez le forfait qui convient \u00e0 votre entreprise. Vous ne payez jamais trop cher avec Sitee. Vous ne payez que ce dont vous avez besoin !","og_url":"https:\/\/sitee.io\/fr\/tarifs\/","og_site_name":"Sitee","article_modified_time":"2025-05-27T07:44:22+00:00","twitter_card":"summary_large_image","twitter_misc":{"Dur\u00e9e de lecture est.":"3 minutes"},"schema":{"@context":"https:\/\/schema.org","@graph":[{"@type":"WebPage","@id":"https:\/\/sitee.io\/fr\/tarifs\/","url":"https:\/\/sitee.io\/fr\/tarifs\/","name":"Tarifs - Sitee","isPartOf":{"@id":"https:\/\/sitee.io\/#website"},"datePublished":"2023-03-09T09:07:09+00:00","dateModified":"2025-05-27T07:44:22+00:00","description":"Choisissez le forfait qui convient \u00e0 votre entreprise. Vous ne payez jamais trop cher avec Sitee. Vous ne payez que ce dont vous avez besoin !","breadcrumb":{"@id":"https:\/\/sitee.io\/fr\/tarifs\/#breadcrumb"},"inLanguage":"fr-BE","potentialAction":[{"@type":"ReadAction","target":["https:\/\/sitee.io\/fr\/tarifs\/"]}]},{"@type":"BreadcrumbList","@id":"https:\/\/sitee.io\/fr\/tarifs\/#breadcrumb","itemListElement":[{"@type":"ListItem","position":1,"name":"Home","item":"https:\/\/sitee.io\/fr\/"},{"@type":"ListItem","position":2,"name":"Tarifs"}]},{"@type":"WebSite","@id":"https:\/\/sitee.io\/#website","url":"https:\/\/sitee.io\/","name":"Sitee","description":"","publisher":{"@id":"https:\/\/sitee.io\/#organization"},"alternateName":"Sitee.io","potentialAction":[{"@type":"SearchAction","target":{"@type":"EntryPoint","urlTemplate":"https:\/\/sitee.io\/?s={search_term_string}"},"query-input":{"@type":"PropertyValueSpecification","valueRequired":true,"valueName":"search_term_string"}}],"inLanguage":"fr-BE"},{"@type":"Organization","@id":"https:\/\/sitee.io\/#organization","name":"Sitee","alternateName":"Sitee.io","url":"https:\/\/sitee.io\/","logo":{"@type":"ImageObject","inLanguage":"fr-BE","@id":"https:\/\/sitee.io\/#\/schema\/logo\/image\/","url":"https:\/\/sitee.io\/wp-content\/uploads\/2023\/03\/favicon.png","contentUrl":"https:\/\/sitee.io\/wp-content\/uploads\/2023\/03\/favicon.png","width":270,"height":270,"caption":"Sitee"},"image":{"@id":"https:\/\/sitee.io\/#\/schema\/logo\/image\/"}}]}},"_links":{"self":[{"href":"https:\/\/sitee.io\/fr\/wp-json\/wp\/v2\/pages\/2067","targetHints":{"allow":["GET"]}}],"collection":[{"href":"https:\/\/sitee.io\/fr\/wp-json\/wp\/v2\/pages"}],"about":[{"href":"https:\/\/sitee.io\/fr\/wp-json\/wp\/v2\/types\/page"}],"author":[{"embeddable":true,"href":"https:\/\/sitee.io\/fr\/wp-json\/wp\/v2\/users\/1"}],"replies":[{"embeddable":true,"href":"https:\/\/sitee.io\/fr\/wp-json\/wp\/v2\/comments?post=2067"}],"version-history":[{"count":11,"href":"https:\/\/sitee.io\/fr\/wp-json\/wp\/v2\/pages\/2067\/revisions"}],"predecessor-version":[{"id":4097,"href":"https:\/\/sitee.io\/fr\/wp-json\/wp\/v2\/pages\/2067\/revisions\/4097"}],"wp:attachment":[{"href":"https:\/\/sitee.io\/fr\/wp-json\/wp\/v2\/media?parent=2067"}],"wp:term":[{"taxonomy":"functie_categorie","embeddable":true,"href":"https:\/\/sitee.io\/fr\/wp-json\/wp\/v2\/functie_categorie?post=2067"}],"curies":[{"name":"wp","href":"https:\/\/api.w.org\/{rel}","templated":true}]}}