{"id":2051,"date":"2023-03-10T11:13:53","date_gmt":"2023-03-10T10:13:53","guid":{"rendered":"https:\/\/sitee.io\/reviews\/"},"modified":"2024-04-26T08:31:20","modified_gmt":"2024-04-26T07:31:20","slug":"avis","status":"publish","type":"page","link":"https:\/\/sitee.io\/fr\/avis\/","title":{"rendered":"Avis"},"content":{"rendered":"<section class=\"l-section wpb_row review-page height_small\"><div class=\"l-section-h i-cf\"><div class=\"g-cols vc_row via_flex valign_top type_default stacking_default\"><div class=\"vc_col-sm-12 wpb_column vc_column_container\"><div class=\"vc_column-inner\"><div class=\"wpb_wrapper\"><div class=\"wpb_text_column\"><div class=\"wpb_wrapper\"><h1>Tous nos avis<\/h1>\n<\/div><\/div><div class=\"w-separator size_small\"><\/div><div class=\"wpb_text_column\"><div class=\"wpb_wrapper\"><p>Lisez ici ce que nos clients pensent de Sitee et de nos services !<\/p>\n<\/div><\/div><div class=\"w-separator size_medium\"><\/div><div class=\"w-grid us_grid type_grid layout_309 review-grid cols_3 preload_style_spinner\" id=\"us_grid_1\" style=\"--columns:3;--gap:15px;\" data-filterable=\"true\"><style>@media (max-width:1024px){#us_grid_1{--columns:2!important}}@media (max-width:768px){#us_grid_1{--columns:1!important}}.layout_309 .w-grid-item-h{}.layout_309 .usg_post_image_1{width:100px!important;height:100px!important}.layout_309 .usg_post_title_1{margin-bottom:15px!important}.layout_309 .usg_post_custom_field_1{margin-bottom:20px!important}<\/style><div class=\"w-grid-list\">\t<article class=\"w-grid-item size_1x1 post-2153 reviews type-reviews status-publish has-post-thumbnail hentry\" data-id=\"2153\">\r\n\t\t<div class=\"w-grid-item-h\">\r\n\t\t\t\t\t\t<div class=\"w-post-elm post_image usg_post_image_1 review-profile-image zindex99 as_circle has_width has_height has_ratio\"><a href=\"\/reviews\" aria-label=\"Mieke Berghmans\"><img loading=\"lazy\" decoding=\"async\" width=\"2560\" height=\"1707\" src=\"https:\/\/sitee.io\/wp-content\/uploads\/2023\/03\/Home-services-scaled.jpg\" class=\"attachment-full size-full wp-post-image\" alt=\"Huishoudelijke hulp\" \/><\/a><div style=\"padding-bottom:100%\"><\/div><\/div><div class=\"w-vwrapper usg_vwrapper_1 review-content align_none valign_top\" style=\"--vwrapper-gap:0rem\"><h6 class=\"w-post-elm post_title usg_post_title_1 entry-title color_link_inherit\"><a href=\"\/reviews\">Mieke Berghmans<\/a><\/h6><div class=\"w-post-elm post_custom_field usg_post_custom_field_1 type_image review_sterren color_link_inherit\"><img decoding=\"async\" src=\"https:\/\/sitee.io\/wp-content\/uploads\/2023\/03\/review-stars-5-1.svg\" class=\"attachment-full size-full\" alt=\"\" \/><\/div><div class=\"w-post-elm post_custom_field usg_post_custom_field_2 type_text review_tekst color_link_inherit\"><a href=\"\/reviews\"><span class=\"w-post-elm-value\">Na een proefperiode van 1 maand was ik helemaal overtuigd dat Sitee mij enorm veel tijdswinst geeft. Het is een heel gebruiksvriendelijke tool die er voor zorgt dat je je klanten op een gemakkelijke manier kan managen en dat je heel geri...<\/span><\/a><\/div><\/div>\t\t<\/div>\r\n\t\t\t<\/article>\r\n\t<article class=\"w-grid-item size_1x1 post-2151 reviews type-reviews status-publish has-post-thumbnail hentry\" data-id=\"2151\">\r\n\t\t<div class=\"w-grid-item-h\">\r\n\t\t\t\t\t\t<div class=\"w-post-elm post_image usg_post_image_1 review-profile-image zindex99 as_circle has_width has_height has_ratio\"><a href=\"\/reviews\" aria-label=\"Didier Banckaert\"><img loading=\"lazy\" decoding=\"async\" width=\"2560\" height=\"1707\" src=\"https:\/\/sitee.io\/wp-content\/uploads\/2023\/03\/Business-services-scaled.jpg\" class=\"attachment-full size-full wp-post-image\" alt=\"\" \/><\/a><div style=\"padding-bottom:100%\"><\/div><\/div><div class=\"w-vwrapper usg_vwrapper_1 review-content align_none valign_top\" style=\"--vwrapper-gap:0rem\"><h6 class=\"w-post-elm post_title usg_post_title_1 entry-title color_link_inherit\"><a href=\"\/reviews\">Didier Banckaert<\/a><\/h6><div class=\"w-post-elm post_custom_field usg_post_custom_field_1 type_image review_sterren color_link_inherit\"><img decoding=\"async\" src=\"https:\/\/sitee.io\/wp-content\/uploads\/2023\/03\/review-stars-4-1.svg\" class=\"attachment-full size-full\" alt=\"\" \/><\/div><div class=\"w-post-elm post_custom_field usg_post_custom_field_2 type_text review_tekst color_link_inherit\"><a href=\"\/reviews\"><span class=\"w-post-elm-value\">Merci Por l'aide, service niquel<\/span><\/a><\/div><\/div>\t\t<\/div>\r\n\t\t\t<\/article>\r\n\t<article class=\"w-grid-item size_1x1 post-2149 reviews type-reviews status-publish has-post-thumbnail hentry\" data-id=\"2149\">\r\n\t\t<div class=\"w-grid-item-h\">\r\n\t\t\t\t\t\t<div class=\"w-post-elm post_image usg_post_image_1 review-profile-image zindex99 as_circle has_width has_height has_ratio\"><a href=\"\/reviews\" aria-label=\"Chelsey Fannes\"><img loading=\"lazy\" decoding=\"async\" width=\"2560\" height=\"1707\" src=\"https:\/\/sitee.io\/wp-content\/uploads\/2023\/03\/Health_welness-scaled.jpg\" class=\"attachment-full size-full wp-post-image\" alt=\"\" \/><\/a><div style=\"padding-bottom:100%\"><\/div><\/div><div class=\"w-vwrapper usg_vwrapper_1 review-content align_none valign_top\" style=\"--vwrapper-gap:0rem\"><h6 class=\"w-post-elm post_title usg_post_title_1 entry-title color_link_inherit\"><a href=\"\/reviews\">Chelsey Fannes<\/a><\/h6><div class=\"w-post-elm post_custom_field usg_post_custom_field_1 type_image review_sterren color_link_inherit\"><img decoding=\"async\" src=\"https:\/\/sitee.io\/wp-content\/uploads\/2023\/03\/review-stars-3-1.svg\" class=\"attachment-full size-full\" alt=\"\" \/><\/div><div class=\"w-post-elm post_custom_field usg_post_custom_field_2 type_text review_tekst color_link_inherit\"><a href=\"\/reviews\"><span class=\"w-post-elm-value\">Vlotte samenwerking, ik krijg snel een antwoord op mijn vragen. Ik raad sitee aan aan startende ondernemingen die tijd en geld willen besparen.<\/span><\/a><\/div><\/div>\t\t<\/div>\r\n\t\t\t<\/article>\r\n<\/div>\t<div class=\"w-grid-preloader\">\r\n\t\t<div class=\"g-preloader type_1\">\r\n\t\t\t<div><\/div>\r\n\t\t<\/div>\r\n\t<\/div>\r\n\t\t<div class=\"w-grid-json hidden\" onclick='return {&quot;action&quot;:&quot;us_ajax_grid&quot;,&quot;infinite_scroll&quot;:0,&quot;max_num_pages&quot;:1,&quot;pagination&quot;:&quot;none&quot;,&quot;template_vars&quot;:{&quot;columns&quot;:&quot;3&quot;,&quot;exclude_items&quot;:&quot;none&quot;,&quot;img_size&quot;:&quot;default&quot;,&quot;ignore_items_size&quot;:0,&quot;items_layout&quot;:&quot;309&quot;,&quot;items_offset&quot;:&quot;1&quot;,&quot;load_animation&quot;:&quot;none&quot;,&quot;overriding_link&quot;:&quot;{\\&quot;url\\&quot;:\\&quot;\\&quot;}&quot;,&quot;post_id&quot;:0,&quot;query_args&quot;:{&quot;post_type&quot;:[&quot;reviews&quot;],&quot;post_status&quot;:[&quot;publish&quot;,&quot;acf-disabled&quot;],&quot;posts_per_page&quot;:&quot;50&quot;},&quot;orderby_query_args&quot;:{&quot;orderby&quot;:{&quot;post__in&quot;:&quot;ASC&quot;},&quot;order&quot;:&quot;ASC&quot;},&quot;type&quot;:&quot;grid&quot;,&quot;us_grid_post_type&quot;:&quot;reviews&quot;,&quot;us_grid_ajax_index&quot;:1,&quot;us_grid_filter_query_string&quot;:null,&quot;us_grid_index&quot;:1,&quot;page_args&quot;:[],&quot;lang&quot;:&quot;fr&quot;}}'><\/div>\r\n\t<\/div><\/div><\/div><\/div><\/div><\/div><\/section><section class=\"l-section wpb_row height_medium\"><div class=\"l-section-h i-cf\"><div class=\"g-cols vc_row via_flex valign_top type_default stacking_default\"><div class=\"vc_col-sm-12 wpb_column vc_column_container cta-smiley cta-block\"><div class=\"vc_column-inner\"><div class=\"wpb_wrapper\"><div class=\"wpb_text_column us_custom_3090c82c h2-white-text zindex99\"><div class=\"wpb_wrapper\"><h2>Vous voulez d\u00e9couvrir Sitee ?<\/h2>\n<\/div><\/div><div class=\"wpb_text_column p-text-white zindex99\"><div class=\"wpb_wrapper\"><p>Profitez d&rsquo;une visite guid\u00e9e de notre plateforme Sitee. Un de nos experts vous pr\u00e9sente toutes les fonctionnalit\u00e9s et possibilit\u00e9s de Sitee. De mani\u00e8re totalement gratuite.<\/p>\n<p>Vous aurez la possibilit\u00e9 de poser des questions directement \u00e0 un membre de notre \u00e9quipe. Ils se feront un plaisir de vous aider \u00e0 prendre la bonne d\u00e9cision !<\/p>\n<\/div><\/div><div class=\"w-separator size_small\"><\/div><div class=\"w-btn-wrapper align_none\"><a class=\"w-btn us-btn-style_4 CTA-demo-button zindex99\" target=\"_blank\" title=\"Demo aanvragen\" href=\"https:\/\/experience.sitee.io\/fr\/sitee\/temp\/demo\"><span class=\"w-btn-label\">D\u00e9mo gratuite<\/span><\/a><\/div><\/div><\/div><\/div><\/div><\/div><\/section>\n\n","protected":false},"excerpt":{"rendered":"","protected":false},"author":1,"featured_media":0,"parent":0,"menu_order":10,"comment_status":"closed","ping_status":"closed","template":"","meta":{"_acf_changed":false,"footnotes":""},"functie_categorie":[],"class_list":["post-2051","page","type-page","status-publish","hentry"],"acf":[],"yoast_head":"<!-- This site is optimized with the Yoast SEO plugin v26.4 - https:\/\/yoast.com\/wordpress\/plugins\/seo\/ -->\n<title>Avis - Sitee<\/title>\n<meta name=\"description\" content=\"Lisez ici ce que nos clients pensent du service de Sitee, la plateforme tout-en-un qui g\u00e8re et dynamise votre entreprise !\" \/>\n<meta name=\"robots\" content=\"noindex, follow, max-snippet:-1, max-image-preview:large, max-video-preview:-1\" \/>\n<meta property=\"og:locale\" content=\"fr_FR\" \/>\n<meta property=\"og:type\" content=\"article\" \/>\n<meta property=\"og:title\" content=\"Avis - Sitee\" \/>\n<meta property=\"og:description\" content=\"Lisez ici ce que nos clients pensent du service de Sitee, la plateforme tout-en-un qui g\u00e8re et dynamise votre entreprise !\" \/>\n<meta property=\"og:url\" content=\"https:\/\/sitee.io\/fr\/avis\/\" \/>\n<meta property=\"og:site_name\" content=\"Sitee\" \/>\n<meta property=\"article:modified_time\" content=\"2024-04-26T07:31:20+00:00\" \/>\n<meta name=\"twitter:card\" content=\"summary_large_image\" \/>\n<meta name=\"twitter:label1\" content=\"Dur\u00e9e de lecture est.\" \/>\n\t<meta name=\"twitter:data1\" content=\"1 minute\" \/>\n<script type=\"application\/ld+json\" class=\"yoast-schema-graph\">{\"@context\":\"https:\/\/schema.org\",\"@graph\":[{\"@type\":\"WebPage\",\"@id\":\"https:\/\/sitee.io\/fr\/avis\/\",\"url\":\"https:\/\/sitee.io\/fr\/avis\/\",\"name\":\"Avis - Sitee\",\"isPartOf\":{\"@id\":\"https:\/\/sitee.io\/#website\"},\"datePublished\":\"2023-03-10T10:13:53+00:00\",\"dateModified\":\"2024-04-26T07:31:20+00:00\",\"description\":\"Lisez ici ce que nos clients pensent du service de Sitee, la plateforme tout-en-un qui g\u00e8re et dynamise votre entreprise !\",\"breadcrumb\":{\"@id\":\"https:\/\/sitee.io\/fr\/avis\/#breadcrumb\"},\"inLanguage\":\"fr-BE\",\"potentialAction\":[{\"@type\":\"ReadAction\",\"target\":[\"https:\/\/sitee.io\/fr\/avis\/\"]}]},{\"@type\":\"BreadcrumbList\",\"@id\":\"https:\/\/sitee.io\/fr\/avis\/#breadcrumb\",\"itemListElement\":[{\"@type\":\"ListItem\",\"position\":1,\"name\":\"Home\",\"item\":\"https:\/\/sitee.io\/fr\/\"},{\"@type\":\"ListItem\",\"position\":2,\"name\":\"Avis\"}]},{\"@type\":\"WebSite\",\"@id\":\"https:\/\/sitee.io\/#website\",\"url\":\"https:\/\/sitee.io\/\",\"name\":\"Sitee\",\"description\":\"\",\"publisher\":{\"@id\":\"https:\/\/sitee.io\/#organization\"},\"alternateName\":\"Sitee.io\",\"potentialAction\":[{\"@type\":\"SearchAction\",\"target\":{\"@type\":\"EntryPoint\",\"urlTemplate\":\"https:\/\/sitee.io\/?s={search_term_string}\"},\"query-input\":{\"@type\":\"PropertyValueSpecification\",\"valueRequired\":true,\"valueName\":\"search_term_string\"}}],\"inLanguage\":\"fr-BE\"},{\"@type\":\"Organization\",\"@id\":\"https:\/\/sitee.io\/#organization\",\"name\":\"Sitee\",\"alternateName\":\"Sitee.io\",\"url\":\"https:\/\/sitee.io\/\",\"logo\":{\"@type\":\"ImageObject\",\"inLanguage\":\"fr-BE\",\"@id\":\"https:\/\/sitee.io\/#\/schema\/logo\/image\/\",\"url\":\"https:\/\/sitee.io\/wp-content\/uploads\/2023\/03\/favicon.png\",\"contentUrl\":\"https:\/\/sitee.io\/wp-content\/uploads\/2023\/03\/favicon.png\",\"width\":270,\"height\":270,\"caption\":\"Sitee\"},\"image\":{\"@id\":\"https:\/\/sitee.io\/#\/schema\/logo\/image\/\"}}]}<\/script>\n<!-- \/ Yoast SEO plugin. -->","yoast_head_json":{"title":"Avis - Sitee","description":"Lisez ici ce que nos clients pensent du service de Sitee, la plateforme tout-en-un qui g\u00e8re et dynamise votre entreprise !","robots":{"index":"noindex","follow":"follow","max-snippet":"max-snippet:-1","max-image-preview":"max-image-preview:large","max-video-preview":"max-video-preview:-1"},"og_locale":"fr_FR","og_type":"article","og_title":"Avis - Sitee","og_description":"Lisez ici ce que nos clients pensent du service de Sitee, la plateforme tout-en-un qui g\u00e8re et dynamise votre entreprise !","og_url":"https:\/\/sitee.io\/fr\/avis\/","og_site_name":"Sitee","article_modified_time":"2024-04-26T07:31:20+00:00","twitter_card":"summary_large_image","twitter_misc":{"Dur\u00e9e de lecture est.":"1 minute"},"schema":{"@context":"https:\/\/schema.org","@graph":[{"@type":"WebPage","@id":"https:\/\/sitee.io\/fr\/avis\/","url":"https:\/\/sitee.io\/fr\/avis\/","name":"Avis - Sitee","isPartOf":{"@id":"https:\/\/sitee.io\/#website"},"datePublished":"2023-03-10T10:13:53+00:00","dateModified":"2024-04-26T07:31:20+00:00","description":"Lisez ici ce que nos clients pensent du service de Sitee, la plateforme tout-en-un qui g\u00e8re et dynamise votre entreprise !","breadcrumb":{"@id":"https:\/\/sitee.io\/fr\/avis\/#breadcrumb"},"inLanguage":"fr-BE","potentialAction":[{"@type":"ReadAction","target":["https:\/\/sitee.io\/fr\/avis\/"]}]},{"@type":"BreadcrumbList","@id":"https:\/\/sitee.io\/fr\/avis\/#breadcrumb","itemListElement":[{"@type":"ListItem","position":1,"name":"Home","item":"https:\/\/sitee.io\/fr\/"},{"@type":"ListItem","position":2,"name":"Avis"}]},{"@type":"WebSite","@id":"https:\/\/sitee.io\/#website","url":"https:\/\/sitee.io\/","name":"Sitee","description":"","publisher":{"@id":"https:\/\/sitee.io\/#organization"},"alternateName":"Sitee.io","potentialAction":[{"@type":"SearchAction","target":{"@type":"EntryPoint","urlTemplate":"https:\/\/sitee.io\/?s={search_term_string}"},"query-input":{"@type":"PropertyValueSpecification","valueRequired":true,"valueName":"search_term_string"}}],"inLanguage":"fr-BE"},{"@type":"Organization","@id":"https:\/\/sitee.io\/#organization","name":"Sitee","alternateName":"Sitee.io","url":"https:\/\/sitee.io\/","logo":{"@type":"ImageObject","inLanguage":"fr-BE","@id":"https:\/\/sitee.io\/#\/schema\/logo\/image\/","url":"https:\/\/sitee.io\/wp-content\/uploads\/2023\/03\/favicon.png","contentUrl":"https:\/\/sitee.io\/wp-content\/uploads\/2023\/03\/favicon.png","width":270,"height":270,"caption":"Sitee"},"image":{"@id":"https:\/\/sitee.io\/#\/schema\/logo\/image\/"}}]}},"_links":{"self":[{"href":"https:\/\/sitee.io\/fr\/wp-json\/wp\/v2\/pages\/2051","targetHints":{"allow":["GET"]}}],"collection":[{"href":"https:\/\/sitee.io\/fr\/wp-json\/wp\/v2\/pages"}],"about":[{"href":"https:\/\/sitee.io\/fr\/wp-json\/wp\/v2\/types\/page"}],"author":[{"embeddable":true,"href":"https:\/\/sitee.io\/fr\/wp-json\/wp\/v2\/users\/1"}],"replies":[{"embeddable":true,"href":"https:\/\/sitee.io\/fr\/wp-json\/wp\/v2\/comments?post=2051"}],"version-history":[{"count":2,"href":"https:\/\/sitee.io\/fr\/wp-json\/wp\/v2\/pages\/2051\/revisions"}],"predecessor-version":[{"id":2674,"href":"https:\/\/sitee.io\/fr\/wp-json\/wp\/v2\/pages\/2051\/revisions\/2674"}],"wp:attachment":[{"href":"https:\/\/sitee.io\/fr\/wp-json\/wp\/v2\/media?parent=2051"}],"wp:term":[{"taxonomy":"functie_categorie","embeddable":true,"href":"https:\/\/sitee.io\/fr\/wp-json\/wp\/v2\/functie_categorie?post=2051"}],"curies":[{"name":"wp","href":"https:\/\/api.w.org\/{rel}","templated":true}]}}