{"id":2043,"date":"2023-03-31T08:41:26","date_gmt":"2023-03-31T07:41:26","guid":{"rendered":"https:\/\/sitee.io\/vacatures\/"},"modified":"2024-04-26T08:46:55","modified_gmt":"2024-04-26T07:46:55","slug":"postes-vacants","status":"publish","type":"page","link":"https:\/\/sitee.io\/fr\/postes-vacants\/","title":{"rendered":"Postes vacants"},"content":{"rendered":"<section class=\"l-section wpb_row height_medium\"><div class=\"l-section-h i-cf\"><div class=\"g-cols vc_row via_flex valign_top type_default stacking_default\"><div class=\"vc_col-sm-12 wpb_column vc_column_container\"><div class=\"vc_column-inner\"><div class=\"wpb_wrapper\"><div class=\"wpb_text_column smiley\"><div class=\"wpb_wrapper\"><h1>Nos offres d&rsquo;<em>emploi<\/em><\/h1>\n<\/div><\/div><div class=\"w-separator size_small\"><\/div><form class=\"w-filter for_grid state_desktop us-field-style_1 vacature-grid-vacature-page-filter layout_hor items_1 mod_side style_switch_trendy align_none drop_on_hover hide_item_title\" action onsubmit=\"return false;\" onclick='return {&quot;filterPrefix&quot;:&quot;filter&quot;,&quot;hideDisabledValues&quot;:false,&quot;layout&quot;:&quot;hor&quot;,&quot;mobileWidth&quot;:0,&quot;use_grid&quot;:&quot;first&quot;,&quot;gridNotFoundMessage&quot;:&quot;Nothing to filter. Add a suitable Grid to this page.&quot;}'><div class=\"w-filter-list\"><div class=\"w-filter-list-title\">Filters<\/div><button class=\"w-filter-list-closer\" title=\"Fermer\" aria-label=\"Fermer\"><\/button><div class=\"w-filter-item type_radio\" data-source=\"tax|vacture-categorieen\"><button class=\"w-filter-item-title\">vacture-categorie<span><\/span><\/button><a class=\"w-filter-item-reset\" href=\"#\" title=\"Reset\"><span>Reset<\/span><\/a><div class=\"w-filter-item-content\"><div class=\"w-filter-item-values\" data-maxheight=\"40vh\" style=\"max-height:40vh\"><div class=\"w-filter-item-value selected\"><label><input type=\"radio\" value=\"*\" name=\"filter_vacture-categorieen\" checked='checked'><span class=\"w-filter-item-value-label\">All<\/span><\/label><\/div><div class=\"w-filter-item-value\" data-item-amount=\"1\"><label><input type=\"radio\" value=\"developpement\" name=\"filter_vacture-categorieen\"><span class=\"w-filter-item-value-label\">D\u00e9veloppement<\/span><\/label><\/div><div class=\"w-filter-item-value\" data-item-amount=\"1\"><label><input type=\"radio\" value=\"ventes\" name=\"filter_vacture-categorieen\"><span class=\"w-filter-item-value-label\">Ventes<\/span><\/label><\/div><\/div><\/div><\/div><\/div><div class=\"w-filter-list-panel\"><button class=\"w-btn us-btn-style_1\"><span class=\"w-btn-label\">Appliquer<\/span><\/button><\/div><style>@media( max-width:0px ){.w-filter.state_desktop .w-filter-list,.w-filter-item-title>span{display:none}.w-filter-opener{display:inline-block}}<\/style><button class=\"w-filter-opener\"><span>Filters<\/span><\/button><div class=\"w-filter-json-filters-args hidden\" onclick='return {&quot;taxonomies_query_args&quot;:{&quot;tax|vacture-categorieen&quot;:{&quot;developpement&quot;:{&quot;fields&quot;:&quot;ids&quot;,&quot;nopaging&quot;:true,&quot;post_status&quot;:[&quot;publish&quot;,&quot;acf-disabled&quot;,&quot;inherit&quot;],&quot;post_type&quot;:[],&quot;posts_per_page&quot;:1,&quot;suppress_filters&quot;:true,&quot;tax_query&quot;:[{&quot;taxonomy&quot;:&quot;vacture-categorieen&quot;,&quot;field&quot;:&quot;slug&quot;,&quot;terms&quot;:&quot;developpement&quot;}]},&quot;ventes&quot;:{&quot;fields&quot;:&quot;ids&quot;,&quot;nopaging&quot;:true,&quot;post_status&quot;:[&quot;publish&quot;,&quot;acf-disabled&quot;,&quot;inherit&quot;],&quot;post_type&quot;:[],&quot;posts_per_page&quot;:1,&quot;suppress_filters&quot;:true,&quot;tax_query&quot;:[{&quot;taxonomy&quot;:&quot;vacture-categorieen&quot;,&quot;field&quot;:&quot;slug&quot;,&quot;terms&quot;:&quot;ventes&quot;}]}}}}'><\/div><\/form><div class=\"w-separator size_small\"><\/div><div class=\"w-grid us_grid vacature-grid-vacature-page with_filters type_grid layout_1588 vacature-grid cols_3 pagination_ajax preload_style_spinner\" id=\"us_grid_1\" style=\"--columns:3;--gap:15px;\"><style>@media (max-width:1024px){#us_grid_1{--columns:2!important}}@media (max-width:768px){#us_grid_1{--columns:1!important}}.layout_1588 .w-grid-item-h{}.layout_1588 .usg_post_title_1{margin-bottom:15px!important}.layout_1588 .usg_post_custom_field_1{color:var(--color-content-text)!important;margin-bottom:25px!important}.layout_1588 .usg_btn_1{text-align:left!important}<\/style><div class=\"g-filters style_3 align_center\"><button class=\"g-filters-item active\" data-taxonomy=\"*\"><span>All<\/span><\/button><button class=\"g-filters-item\" data-taxonomy=\"developpement\" data-amount=\"1\"><span>D\u00e9veloppement<\/span><span class=\"g-filters-item-amount\">1<\/span><\/button><button class=\"g-filters-item\" data-taxonomy=\"ventes\" data-amount=\"1\"><span>Ventes<\/span><span class=\"g-filters-item-amount\">1<\/span><\/button><\/div><div class=\"w-grid-list\" data-filter_taxonomy_name=\"vacture-categorieen\">\t<article class=\"w-grid-item size_1x1 post-2157 vacatures-sitee type-vacatures-sitee status-publish hentry vacture-categorieen-developpement\" data-id=\"2157\">\r\n\t\t<div class=\"w-grid-item-h\">\r\n\t\t\t\t\t\t<div class=\"w-post-elm post_image usg_post_image_1 vacature-grid-image has_ratio with_placeholder\"><a href=\"https:\/\/sitee.io\/wp-content\/uploads\/2023\/03\/Sitee_about_us.png\" aria-label=\"Dev job\"><img decoding=\"async\" class=\"g-placeholder\" src=\"https:\/\/sitee.io\/wp-content\/plugins\/us-core\/assets\/images\/placeholder.svg\" width=\"\" height=\"\" alt><\/a><div style=\"padding-bottom:64.8649%\"><\/div><\/div><div class=\"w-vwrapper usg_vwrapper_1 vacature-grid-info align_none valign_top\" style=\"--vwrapper-gap:0rem\"><h6 class=\"w-post-elm post_title usg_post_title_1 entry-title color_link_inherit\"><a href=\"https:\/\/sitee.io\/wp-content\/uploads\/2023\/03\/Sitee_about_us.png\">Dev job<\/a><\/h6><div class=\"w-post-elm post_custom_field usg_post_custom_field_1 has_text_color type_text vacature_korte_info\"><a href=\"https:\/\/sitee.io\/wp-content\/uploads\/2023\/03\/Sitee_about_us.png\"><span class=\"w-post-elm-value\">\"Lorem ipsum dolor sit amet, consetetur sadipscing elitr, sed diam. Lorem ipsum dolor sit amet, consetetur sadipscing elitr, sed diam\"<\/span><\/a><\/div><a class=\"w-btn us-btn-style_6 usg_btn_1 icon_atright\" href=\"https:\/\/sitee.io\/wp-content\/uploads\/2023\/03\/Sitee_about_us.png\"><span class=\"w-btn-label\">Plus d&rsquo;infos<\/span><i class=\"fas fa-arrow-right\"><\/i><\/a><\/div>\t\t<\/div>\r\n\t\t\t<\/article>\r\n\t<article class=\"w-grid-item size_1x1 post-2159 vacatures-sitee type-vacatures-sitee status-publish hentry vacture-categorieen-ventes\" data-id=\"2159\">\r\n\t\t<div class=\"w-grid-item-h\">\r\n\t\t\t\t\t\t<div class=\"w-post-elm post_image usg_post_image_1 vacature-grid-image has_ratio with_placeholder\"><a href=\"https:\/\/sitee.io\/wp-content\/uploads\/2023\/03\/online-aanwezigheid-1.png\" aria-label=\"Sales job\"><img decoding=\"async\" class=\"g-placeholder\" src=\"https:\/\/sitee.io\/wp-content\/plugins\/us-core\/assets\/images\/placeholder.svg\" width=\"\" height=\"\" alt><\/a><div style=\"padding-bottom:64.8649%\"><\/div><\/div><div class=\"w-vwrapper usg_vwrapper_1 vacature-grid-info align_none valign_top\" style=\"--vwrapper-gap:0rem\"><h6 class=\"w-post-elm post_title usg_post_title_1 entry-title color_link_inherit\"><a href=\"https:\/\/sitee.io\/wp-content\/uploads\/2023\/03\/online-aanwezigheid-1.png\">Sales job<\/a><\/h6><div class=\"w-post-elm post_custom_field usg_post_custom_field_1 has_text_color type_text vacature_korte_info\"><a href=\"https:\/\/sitee.io\/wp-content\/uploads\/2023\/03\/online-aanwezigheid-1.png\"><span class=\"w-post-elm-value\">\"Lorem ipsum dolor sit amet, consetetur sadipscing elitr, sed diam. Lorem ipsum dolor sit amet, consetetur sadipscing elitr, sed diam\"<\/span><\/a><\/div><a class=\"w-btn us-btn-style_6 usg_btn_1 icon_atright\" href=\"https:\/\/sitee.io\/wp-content\/uploads\/2023\/03\/online-aanwezigheid-1.png\"><span class=\"w-btn-label\">Plus d&rsquo;infos<\/span><i class=\"fas fa-arrow-right\"><\/i><\/a><\/div>\t\t<\/div>\r\n\t\t\t<\/article>\r\n<\/div>\t<div class=\"w-grid-preloader\">\r\n\t\t<div class=\"g-preloader type_1\">\r\n\t\t\t<div><\/div>\r\n\t\t<\/div>\r\n\t<\/div>\r\n\t\t<div class=\"w-grid-json hidden\" onclick='return {&quot;action&quot;:&quot;us_ajax_grid&quot;,&quot;infinite_scroll&quot;:0,&quot;max_num_pages&quot;:1,&quot;pagination&quot;:&quot;ajax&quot;,&quot;template_vars&quot;:{&quot;columns&quot;:&quot;3&quot;,&quot;exclude_items&quot;:&quot;none&quot;,&quot;img_size&quot;:&quot;default&quot;,&quot;ignore_items_size&quot;:0,&quot;items_layout&quot;:&quot;1588&quot;,&quot;items_offset&quot;:&quot;1&quot;,&quot;load_animation&quot;:&quot;none&quot;,&quot;overriding_link&quot;:&quot;{\\&quot;url\\&quot;:\\&quot;\\&quot;}&quot;,&quot;post_id&quot;:0,&quot;query_args&quot;:{&quot;post_type&quot;:[&quot;vacatures-sitee&quot;],&quot;post_status&quot;:[&quot;publish&quot;,&quot;acf-disabled&quot;],&quot;posts_per_page&quot;:&quot;6&quot;},&quot;orderby_query_args&quot;:{&quot;orderby&quot;:{&quot;date&quot;:&quot;DESC&quot;}},&quot;type&quot;:&quot;grid&quot;,&quot;us_grid_post_type&quot;:&quot;vacatures-sitee&quot;,&quot;us_grid_ajax_index&quot;:1,&quot;us_grid_filter_query_string&quot;:null,&quot;us_grid_index&quot;:1,&quot;page_args&quot;:[],&quot;lang&quot;:&quot;fr&quot;}}'><\/div>\r\n\t<\/div><\/div><\/div><\/div><\/div><\/div><\/section>\n","protected":false},"excerpt":{"rendered":"","protected":false},"author":1,"featured_media":0,"parent":0,"menu_order":17,"comment_status":"closed","ping_status":"closed","template":"","meta":{"_acf_changed":false,"footnotes":""},"functie_categorie":[],"class_list":["post-2043","page","type-page","status-publish","hentry"],"acf":[],"yoast_head":"<!-- This site is optimized with the Yoast SEO plugin v26.4 - https:\/\/yoast.com\/wordpress\/plugins\/seo\/ -->\n<title>Postes vacants - Sitee<\/title>\n<meta name=\"description\" content=\"Vous souhaitez rejoindre notre \u00e9quipe ? Volontiers! Vous trouverez ici tous les postes disponibles au sein de notre \u00e9quipe. \u00c0 bient\u00f4t?\" \/>\n<meta name=\"robots\" content=\"noindex, follow, max-snippet:-1, max-image-preview:large, max-video-preview:-1\" \/>\n<meta property=\"og:locale\" content=\"fr_FR\" \/>\n<meta property=\"og:type\" content=\"article\" \/>\n<meta property=\"og:title\" content=\"Postes vacants - Sitee\" \/>\n<meta property=\"og:description\" content=\"Vous souhaitez rejoindre notre \u00e9quipe ? Volontiers! Vous trouverez ici tous les postes disponibles au sein de notre \u00e9quipe. \u00c0 bient\u00f4t?\" \/>\n<meta property=\"og:url\" content=\"https:\/\/sitee.io\/fr\/postes-vacants\/\" \/>\n<meta property=\"og:site_name\" content=\"Sitee\" \/>\n<meta property=\"article:modified_time\" content=\"2024-04-26T07:46:55+00:00\" \/>\n<meta name=\"twitter:card\" content=\"summary_large_image\" \/>\n<meta name=\"twitter:label1\" content=\"Dur\u00e9e de lecture est.\" \/>\n\t<meta name=\"twitter:data1\" content=\"1 minute\" \/>\n<script type=\"application\/ld+json\" class=\"yoast-schema-graph\">{\"@context\":\"https:\/\/schema.org\",\"@graph\":[{\"@type\":\"WebPage\",\"@id\":\"https:\/\/sitee.io\/fr\/postes-vacants\/\",\"url\":\"https:\/\/sitee.io\/fr\/postes-vacants\/\",\"name\":\"Postes vacants - Sitee\",\"isPartOf\":{\"@id\":\"https:\/\/sitee.io\/#website\"},\"datePublished\":\"2023-03-31T07:41:26+00:00\",\"dateModified\":\"2024-04-26T07:46:55+00:00\",\"description\":\"Vous souhaitez rejoindre notre \u00e9quipe ? Volontiers! Vous trouverez ici tous les postes disponibles au sein de notre \u00e9quipe. \u00c0 bient\u00f4t?\",\"breadcrumb\":{\"@id\":\"https:\/\/sitee.io\/fr\/postes-vacants\/#breadcrumb\"},\"inLanguage\":\"fr-BE\",\"potentialAction\":[{\"@type\":\"ReadAction\",\"target\":[\"https:\/\/sitee.io\/fr\/postes-vacants\/\"]}]},{\"@type\":\"BreadcrumbList\",\"@id\":\"https:\/\/sitee.io\/fr\/postes-vacants\/#breadcrumb\",\"itemListElement\":[{\"@type\":\"ListItem\",\"position\":1,\"name\":\"Home\",\"item\":\"https:\/\/sitee.io\/fr\/\"},{\"@type\":\"ListItem\",\"position\":2,\"name\":\"Postes vacants\"}]},{\"@type\":\"WebSite\",\"@id\":\"https:\/\/sitee.io\/#website\",\"url\":\"https:\/\/sitee.io\/\",\"name\":\"Sitee\",\"description\":\"\",\"publisher\":{\"@id\":\"https:\/\/sitee.io\/#organization\"},\"alternateName\":\"Sitee.io\",\"potentialAction\":[{\"@type\":\"SearchAction\",\"target\":{\"@type\":\"EntryPoint\",\"urlTemplate\":\"https:\/\/sitee.io\/?s={search_term_string}\"},\"query-input\":{\"@type\":\"PropertyValueSpecification\",\"valueRequired\":true,\"valueName\":\"search_term_string\"}}],\"inLanguage\":\"fr-BE\"},{\"@type\":\"Organization\",\"@id\":\"https:\/\/sitee.io\/#organization\",\"name\":\"Sitee\",\"alternateName\":\"Sitee.io\",\"url\":\"https:\/\/sitee.io\/\",\"logo\":{\"@type\":\"ImageObject\",\"inLanguage\":\"fr-BE\",\"@id\":\"https:\/\/sitee.io\/#\/schema\/logo\/image\/\",\"url\":\"https:\/\/sitee.io\/wp-content\/uploads\/2023\/03\/favicon.png\",\"contentUrl\":\"https:\/\/sitee.io\/wp-content\/uploads\/2023\/03\/favicon.png\",\"width\":270,\"height\":270,\"caption\":\"Sitee\"},\"image\":{\"@id\":\"https:\/\/sitee.io\/#\/schema\/logo\/image\/\"}}]}<\/script>\n<!-- \/ Yoast SEO plugin. -->","yoast_head_json":{"title":"Postes vacants - Sitee","description":"Vous souhaitez rejoindre notre \u00e9quipe ? Volontiers! Vous trouverez ici tous les postes disponibles au sein de notre \u00e9quipe. \u00c0 bient\u00f4t?","robots":{"index":"noindex","follow":"follow","max-snippet":"max-snippet:-1","max-image-preview":"max-image-preview:large","max-video-preview":"max-video-preview:-1"},"og_locale":"fr_FR","og_type":"article","og_title":"Postes vacants - Sitee","og_description":"Vous souhaitez rejoindre notre \u00e9quipe ? Volontiers! Vous trouverez ici tous les postes disponibles au sein de notre \u00e9quipe. \u00c0 bient\u00f4t?","og_url":"https:\/\/sitee.io\/fr\/postes-vacants\/","og_site_name":"Sitee","article_modified_time":"2024-04-26T07:46:55+00:00","twitter_card":"summary_large_image","twitter_misc":{"Dur\u00e9e de lecture est.":"1 minute"},"schema":{"@context":"https:\/\/schema.org","@graph":[{"@type":"WebPage","@id":"https:\/\/sitee.io\/fr\/postes-vacants\/","url":"https:\/\/sitee.io\/fr\/postes-vacants\/","name":"Postes vacants - Sitee","isPartOf":{"@id":"https:\/\/sitee.io\/#website"},"datePublished":"2023-03-31T07:41:26+00:00","dateModified":"2024-04-26T07:46:55+00:00","description":"Vous souhaitez rejoindre notre \u00e9quipe ? Volontiers! Vous trouverez ici tous les postes disponibles au sein de notre \u00e9quipe. \u00c0 bient\u00f4t?","breadcrumb":{"@id":"https:\/\/sitee.io\/fr\/postes-vacants\/#breadcrumb"},"inLanguage":"fr-BE","potentialAction":[{"@type":"ReadAction","target":["https:\/\/sitee.io\/fr\/postes-vacants\/"]}]},{"@type":"BreadcrumbList","@id":"https:\/\/sitee.io\/fr\/postes-vacants\/#breadcrumb","itemListElement":[{"@type":"ListItem","position":1,"name":"Home","item":"https:\/\/sitee.io\/fr\/"},{"@type":"ListItem","position":2,"name":"Postes vacants"}]},{"@type":"WebSite","@id":"https:\/\/sitee.io\/#website","url":"https:\/\/sitee.io\/","name":"Sitee","description":"","publisher":{"@id":"https:\/\/sitee.io\/#organization"},"alternateName":"Sitee.io","potentialAction":[{"@type":"SearchAction","target":{"@type":"EntryPoint","urlTemplate":"https:\/\/sitee.io\/?s={search_term_string}"},"query-input":{"@type":"PropertyValueSpecification","valueRequired":true,"valueName":"search_term_string"}}],"inLanguage":"fr-BE"},{"@type":"Organization","@id":"https:\/\/sitee.io\/#organization","name":"Sitee","alternateName":"Sitee.io","url":"https:\/\/sitee.io\/","logo":{"@type":"ImageObject","inLanguage":"fr-BE","@id":"https:\/\/sitee.io\/#\/schema\/logo\/image\/","url":"https:\/\/sitee.io\/wp-content\/uploads\/2023\/03\/favicon.png","contentUrl":"https:\/\/sitee.io\/wp-content\/uploads\/2023\/03\/favicon.png","width":270,"height":270,"caption":"Sitee"},"image":{"@id":"https:\/\/sitee.io\/#\/schema\/logo\/image\/"}}]}},"_links":{"self":[{"href":"https:\/\/sitee.io\/fr\/wp-json\/wp\/v2\/pages\/2043","targetHints":{"allow":["GET"]}}],"collection":[{"href":"https:\/\/sitee.io\/fr\/wp-json\/wp\/v2\/pages"}],"about":[{"href":"https:\/\/sitee.io\/fr\/wp-json\/wp\/v2\/types\/page"}],"author":[{"embeddable":true,"href":"https:\/\/sitee.io\/fr\/wp-json\/wp\/v2\/users\/1"}],"replies":[{"embeddable":true,"href":"https:\/\/sitee.io\/fr\/wp-json\/wp\/v2\/comments?post=2043"}],"version-history":[{"count":2,"href":"https:\/\/sitee.io\/fr\/wp-json\/wp\/v2\/pages\/2043\/revisions"}],"predecessor-version":[{"id":2680,"href":"https:\/\/sitee.io\/fr\/wp-json\/wp\/v2\/pages\/2043\/revisions\/2680"}],"wp:attachment":[{"href":"https:\/\/sitee.io\/fr\/wp-json\/wp\/v2\/media?parent=2043"}],"wp:term":[{"taxonomy":"functie_categorie","embeddable":true,"href":"https:\/\/sitee.io\/fr\/wp-json\/wp\/v2\/functie_categorie?post=2043"}],"curies":[{"name":"wp","href":"https:\/\/api.w.org\/{rel}","templated":true}]}}