{"id":2041,"date":"2023-03-31T13:21:37","date_gmt":"2023-03-31T12:21:37","guid":{"rendered":"https:\/\/sitee.io\/over-ons\/"},"modified":"2024-06-10T14:34:47","modified_gmt":"2024-06-10T13:34:47","slug":"qui-sommes-nous","status":"publish","type":"page","link":"https:\/\/sitee.io\/fr\/qui-sommes-nous\/","title":{"rendered":"Qui sommes-nous"},"content":{"rendered":"<section class=\"l-section wpb_row height_huge\"><div class=\"l-section-h i-cf\"><div class=\"g-cols vc_row via_flex valign_middle type_default stacking_default\"><div class=\"vc_col-sm-7 vc_col-lg-6 vc_col-md-6 wpb_column vc_column_container zindex99\"><div class=\"vc_column-inner\"><div class=\"wpb_wrapper\"><div class=\"wpb_text_column\"><div class=\"wpb_wrapper\"><h1>Qui sommes-nous<\/h1>\n<\/div><\/div><div class=\"w-separator size_small\"><\/div><div class=\"wpb_text_column\"><div class=\"wpb_wrapper\"><p>Notre mission est de fournir aux PME les outils num\u00e9riques optimaux pour r\u00e9ussir. Il s&rsquo;agit d&rsquo;outils qui vous aident \u00e0 g\u00e9rer et \u00e0 stimuler votre entreprise de mani\u00e8re plus efficace. Notre excellente assistance est incluse automatiquement !<\/p>\n<\/div><\/div><div class=\"w-separator mobile-hide-element size_small\"><\/div><\/div><\/div><\/div><div class=\"vc_col-sm-5 vc_col-lg-6 vc_col-md-6 wpb_column vc_column_container hero-elipses-image-other hero-image-box\"><div class=\"vc_column-inner\"><div class=\"wpb_wrapper\"><\/div><\/div><\/div><\/div><\/div><\/section><section class=\"l-section wpb_row height_auto\"><div class=\"l-section-h i-cf\"><div class=\"g-cols vc_row via_flex valign_top type_default stacking_default\"><div class=\"vc_col-sm-12 wpb_column vc_column_container\"><div class=\"vc_column-inner\"><div class=\"wpb_wrapper\"><div class=\"wpb_text_column\"><div class=\"wpb_wrapper\"><h2><span style=\"color: #f7ad07;\">Beaucoup d&rsquo;exp\u00e9rience en poche<\/span><\/h2>\n<p>Comment savons-nous quels sont les outils dont nos clients ont besoin ? Parce que nous avons une grande exp\u00e9rience. Sitee trouve ses origines dans les Pages d\u2019or et depuis des d\u00e9cennies, sous les marques FCR Media et Youvia, nous offrons aux entreprises belges et n\u00e9erlandaises un large \u00e9ventail de services marketing.<\/p>\n<p>Nous l&rsquo;avons d&rsquo;abord fait avec notre annuaire t\u00e9l\u00e9phonique et maintenant, depuis de nombreuses ann\u00e9es, avec des services de marketing en ligne. Nous connaissons parfaitement le march\u00e9 des petites, moyennes et microentreprises et savons ce qu&rsquo;il faut faire pour atteindre et convaincre les clients.<\/p>\n<p>Diriger une entreprise est un v\u00e9ritable d\u00e9fi. Chaque jour, vous jonglez avec des dizaines de t\u00e2ches et pourtant, vous semblez parfois \u00eatre \u00e0 la tra\u00eene. Sitee change cela. Cette solution tout-en-un pour la gestion d&rsquo;entreprise, l&rsquo;engagement des clients et la gestion de la r\u00e9putation vous facilite le travail.<\/p>\n<\/div><\/div><div class=\"w-separator size_large\"><\/div><div class=\"wpb_text_column\"><div class=\"wpb_wrapper\"><h2 style=\"text-align: left;\"><span style=\"color: #f7ad07;\">Le travail doit \u00eatre efficace et rentable<\/span><\/h2>\n<p>Avec Sitee, vous rationalisez votre activit\u00e9 et vous gagnez du temps. C&rsquo;est de cela qu&rsquo;il s&rsquo;agit. Nous automatisons un grand nombre de t\u00e2ches et de processus qui prennent du temps afin que vous puissiez vous consacrer \u00e0 ce qui compte vraiment : vos clients.<\/p>\n<p>Notre plateforme simple et intuitive facilite la gestion de vos t\u00e2ches quotidiennes, la planification des rendez-vous, la cr\u00e9ation de factures, la r\u00e9ception des paiements et la gestion de votre r\u00e9putation en ligne et de l&rsquo;engagement des clients. M\u00eame la r\u00e9daction d&rsquo;e-mails et la mise en ordre des coordonn\u00e9es de votre entreprise peuvent se faire en quelques clics.<\/p>\n<\/div><\/div><div class=\"w-separator size_large\"><\/div><div class=\"wpb_text_column\"><div class=\"wpb_wrapper\"><h2><span style=\"color: #f7ad07;\">Sitee travaille pour vous<\/span><\/h2>\n<p>Un bon outil, c&rsquo;est bien, mais ce n&rsquo;est pas tout. Nous investissons \u00e9galement dans une approche personnalis\u00e9e. C&rsquo;est ainsi que nous pouvons \u00eatre s\u00fbrs de votre r\u00e9ussite. Comptez sur une assistance d\u00e9di\u00e9e sur laquelle vous pouvez toujours compter. Nous vous aiderons \u00e0 tirer le meilleur parti de Sitee !<\/p>\n<p>En attendant, nous aidons d\u00e9j\u00e0 des dizaines de milliers de propri\u00e9taires de petites et moyennes entreprises \u00e0 g\u00e9rer leurs affaires avec succ\u00e8s. Vous \u00eates propri\u00e9taire d&rsquo;un magasin de fleurs, d&rsquo;un salon de coiffure, d&rsquo;une entreprise de construction, d&rsquo;un restaurant ou de toute autre entreprise ? Nous avons la solution qu&rsquo;il vous faut.<\/p>\n<p>Vous voulez d\u00e9couvrir par vous-m\u00eame la valeur ajout\u00e9e de Sitee ? Contactez-nous, nous nous ferons un plaisir de planifier une d\u00e9monstration sans engagement. Vous pourrez ainsi en faire l&rsquo;exp\u00e9rience imm\u00e9diatement.<\/p>\n<\/div><\/div><div class=\"w-separator size_large\"><\/div><\/div><\/div><\/div><\/div><\/div><\/section><section class=\"l-section wpb_row height_auto\" id=\"third\"><div class=\"l-section-overlay\" style=\"background:var(--color-alt-content-bg)\"><\/div><div class=\"l-section-h i-cf\"><div class=\"g-cols vc_row via_flex valign_top type_default stacking_default\"><div class=\"vc_col-sm-12 wpb_column vc_column_container\"><div class=\"vc_column-inner\"><div class=\"wpb_wrapper\"><div class=\"w-separator size_large\"><\/div><div class=\"wpb_text_column\"><div class=\"wpb_wrapper\"><h2 style=\"text-align: center;\">Nos valeurs<\/h2>\n<\/div><\/div><div class=\"w-separator size_small\"><\/div><div class=\"wpb_text_column\"><div class=\"wpb_wrapper\"><p style=\"text-align: center;\">Lorsque nous parlons de nous, nous parlons plus particuli\u00e8rement de ces 3 valeurs fondamentales que Sitee garde toujours \u00e0 c\u0153ur.<\/p>\n<\/div><\/div><div class=\"w-separator size_huge\"><\/div><div class=\"g-cols wpb_row via_flex valign_top type_default stacking_default\"><div class=\"vc_col-sm-4 wpb_column vc_column_container\"><div class=\"vc_column-inner\"><div class=\"wpb_wrapper\"><div class=\"w-iconbox iconpos_left style_default color_primary align_left icontype_img\"><div class=\"w-iconbox-icon\" style=\"font-size:2rem;\"><img loading=\"lazy\" decoding=\"async\" width=\"270\" height=\"270\" src=\"https:\/\/sitee.io\/wp-content\/uploads\/2023\/03\/favicon.png\" class=\"attachment-full size-full\" alt=\"\" srcset=\"https:\/\/sitee.io\/wp-content\/uploads\/2023\/03\/favicon.png 270w, https:\/\/sitee.io\/wp-content\/uploads\/2023\/03\/favicon-150x150.png 150w\" sizes=\"auto, (max-width: 270px) 100vw, 270px\" \/><\/div><div class=\"w-iconbox-meta\"><h3 class=\"w-iconbox-title\" style=\"font-size:1.5rem;\">Innovante<\/h3><div class=\"w-iconbox-text\"><p>L&rsquo;innovation constante est inscrite dans nos g\u00e8nes. C&rsquo;est ainsi que nous soutenons nos clients avec les meilleurs outils et services.<\/p>\n<\/div><\/div><\/div><\/div><\/div><\/div><div class=\"vc_col-sm-4 wpb_column vc_column_container\"><div class=\"vc_column-inner\"><div class=\"wpb_wrapper\"><div class=\"w-iconbox iconpos_left style_default color_primary align_left icontype_img\"><div class=\"w-iconbox-icon\" style=\"font-size:2rem;\"><img loading=\"lazy\" decoding=\"async\" width=\"270\" height=\"270\" src=\"https:\/\/sitee.io\/wp-content\/uploads\/2023\/03\/favicon.png\" class=\"attachment-full size-full\" alt=\"\" srcset=\"https:\/\/sitee.io\/wp-content\/uploads\/2023\/03\/favicon.png 270w, https:\/\/sitee.io\/wp-content\/uploads\/2023\/03\/favicon-150x150.png 150w\" sizes=\"auto, (max-width: 270px) 100vw, 270px\" \/><\/div><div class=\"w-iconbox-meta\"><h3 class=\"w-iconbox-title\" style=\"font-size:1.5rem;\">Ax\u00e9 sur la valeur<\/h3><div class=\"w-iconbox-text\"><p>Faire la diff\u00e9rence pour les PME chaque jour, c&rsquo;est ce \u00e0 quoi nous aspirons. Nous voulons vous aider \u00e0 r\u00e9aliser vos r\u00eaves d&rsquo;entrepreneur.<\/p>\n<\/div><\/div><\/div><\/div><\/div><\/div><div class=\"vc_col-sm-4 wpb_column vc_column_container\"><div class=\"vc_column-inner\"><div class=\"wpb_wrapper\"><div class=\"w-iconbox iconpos_left style_default color_primary align_left icontype_img\"><div class=\"w-iconbox-icon\" style=\"font-size:2rem;\"><img loading=\"lazy\" decoding=\"async\" width=\"270\" height=\"270\" src=\"https:\/\/sitee.io\/wp-content\/uploads\/2023\/03\/favicon.png\" class=\"attachment-full size-full\" alt=\"\" srcset=\"https:\/\/sitee.io\/wp-content\/uploads\/2023\/03\/favicon.png 270w, https:\/\/sitee.io\/wp-content\/uploads\/2023\/03\/favicon-150x150.png 150w\" sizes=\"auto, (max-width: 270px) 100vw, 270px\" \/><\/div><div class=\"w-iconbox-meta\"><h3 class=\"w-iconbox-title\" style=\"font-size:1.5rem;\">Flexible<\/h3><div class=\"w-iconbox-text\"><p>Rapide, inconditionnel et flexible, voil\u00e0 comment nous soutenons nos clients. Votre entreprise est unique et Sitee le reconna\u00eet.<\/p>\n<\/div><\/div><\/div><\/div><\/div><\/div><\/div><div class=\"w-separator size_large\"><\/div><\/div><\/div><\/div><\/div><\/div><\/section><section class=\"l-section wpb_row height_auto\"><div class=\"l-section-h i-cf\"><div class=\"g-cols vc_row via_flex valign_top type_default stacking_default\"><div class=\"vc_col-sm-12 wpb_column vc_column_container\"><div class=\"vc_column-inner\"><div class=\"wpb_wrapper\"><div class=\"w-separator size_large\"><\/div><div class=\"wpb_text_column\"><div class=\"wpb_wrapper\"><h2>Nous sommes toujours \u00e0 la recherche de nouveaux coll\u00e8gues<\/h2>\n<\/div><\/div><div class=\"w-separator size_small\"><\/div><div class=\"wpb_text_column\"><div class=\"wpb_wrapper\"><p>Sitee est en pleine croissance. Nous sommes donc constamment \u00e0 la recherche de nouveaux coll\u00e8gues qui souhaitent contribuer \u00e0 l&rsquo;expansion de notre plateforme. Vous \u00eates int\u00e9ress\u00e9 par un emploi au sein d&rsquo;une entreprise florissante dot\u00e9e d&rsquo;une vision claire ? D\u00e9couvrez nos offres d&#8217;emploi.<\/p>\n<\/div><\/div><div class=\"w-separator size_medium\"><\/div><div class=\"w-btn-wrapper align_left\"><a class=\"w-btn us-btn-style_1\" title=\"Bekijk onze vacatures\" href=\"https:\/\/sitee.io\/fr\/postes-vacants\/\"><span class=\"w-btn-label\">Voir nos offres d&#8217;emploi<\/span><\/a><\/div><\/div><\/div><\/div><\/div><\/div><\/section><section class=\"l-section wpb_row height_medium\"><div class=\"l-section-h i-cf\"><div class=\"g-cols vc_row via_flex valign_top type_default stacking_default\"><div class=\"vc_col-sm-12 wpb_column vc_column_container cta-smiley cta-block\"><div class=\"vc_column-inner\"><div class=\"wpb_wrapper\"><div class=\"wpb_text_column us_custom_3090c82c h2-white-text zindex99\"><div class=\"wpb_wrapper\"><h2>Vous voulez d\u00e9couvrir Sitee ?<\/h2>\n<\/div><\/div><div class=\"wpb_text_column p-text-white zindex99\"><div class=\"wpb_wrapper\"><p>Profitez d&rsquo;une visite guid\u00e9e de notre plateforme Sitee. Un de nos experts vous pr\u00e9sente toutes les fonctionnalit\u00e9s et possibilit\u00e9s de Sitee. De mani\u00e8re totalement gratuite.<\/p>\n<p>Vous aurez la possibilit\u00e9 de poser des questions directement \u00e0 un membre de notre \u00e9quipe. Ils se feront un plaisir de vous aider \u00e0 prendre la bonne d\u00e9cision !<\/p>\n<\/div><\/div><div class=\"w-separator size_small\"><\/div><div class=\"w-btn-wrapper align_none\"><a class=\"w-btn us-btn-style_4 CTA-demo-button zindex99\" target=\"_blank\" title=\"Demo aanvragen\" href=\"https:\/\/experience.sitee.io\/fr\/sitee\/temp\/demo\"><span class=\"w-btn-label\">D\u00e9mo gratuite<\/span><\/a><\/div><\/div><\/div><\/div><\/div><\/div><\/section>\n\n","protected":false},"excerpt":{"rendered":"Qui sommes-nous Notre mission est de fournir aux PME les outils num\u00e9riques optimaux pour r\u00e9ussir. Il s&rsquo;agit d&rsquo;outils qui vous aident \u00e0 g\u00e9rer et \u00e0 stimuler votre entreprise de mani\u00e8re plus efficace. Notre excellente assistance est incluse automatiquement ! Beaucoup d&rsquo;exp\u00e9rience en poche Comment savons-nous quels sont les outils dont nos clients ont besoin ?...","protected":false},"author":1,"featured_media":0,"parent":0,"menu_order":18,"comment_status":"closed","ping_status":"closed","template":"","meta":{"_acf_changed":false,"footnotes":""},"functie_categorie":[],"class_list":["post-2041","page","type-page","status-publish","hentry"],"acf":[],"yoast_head":"<!-- This site is optimized with the Yoast SEO plugin v26.4 - https:\/\/yoast.com\/wordpress\/plugins\/seo\/ -->\n<title>Qui sommes-nous - Sitee<\/title>\n<meta name=\"description\" content=\"Rencontrez l&#039;\u00e9quipe derri\u00e8re Sitee et apprenez-en plus sur nous. Chaque jour nous vous aidons \u00e0 booster votre business et bien plus encore !\" \/>\n<meta name=\"robots\" content=\"noindex, follow, max-snippet:-1, max-image-preview:large, max-video-preview:-1\" \/>\n<meta property=\"og:locale\" content=\"fr_FR\" \/>\n<meta property=\"og:type\" content=\"article\" \/>\n<meta property=\"og:title\" content=\"Qui sommes-nous - Sitee\" \/>\n<meta property=\"og:description\" content=\"Rencontrez l&#039;\u00e9quipe derri\u00e8re Sitee et apprenez-en plus sur nous. Chaque jour nous vous aidons \u00e0 booster votre business et bien plus encore !\" \/>\n<meta property=\"og:url\" content=\"https:\/\/sitee.io\/over-ons\/\" \/>\n<meta property=\"og:site_name\" content=\"Sitee\" \/>\n<meta property=\"article:modified_time\" content=\"2024-06-10T13:34:47+00:00\" \/>\n<meta name=\"twitter:card\" content=\"summary_large_image\" \/>\n<meta name=\"twitter:label1\" content=\"Dur\u00e9e de lecture est.\" \/>\n\t<meta name=\"twitter:data1\" content=\"4 minutes\" \/>\n<script type=\"application\/ld+json\" class=\"yoast-schema-graph\">{\"@context\":\"https:\/\/schema.org\",\"@graph\":[{\"@type\":\"WebPage\",\"@id\":\"https:\/\/sitee.io\/over-ons\/\",\"url\":\"https:\/\/sitee.io\/over-ons\/\",\"name\":\"Qui sommes-nous - Sitee\",\"isPartOf\":{\"@id\":\"https:\/\/sitee.io\/#website\"},\"datePublished\":\"2023-03-31T12:21:37+00:00\",\"dateModified\":\"2024-06-10T13:34:47+00:00\",\"description\":\"Rencontrez l'\u00e9quipe derri\u00e8re Sitee et apprenez-en plus sur nous. Chaque jour nous vous aidons \u00e0 booster votre business et bien plus encore !\",\"breadcrumb\":{\"@id\":\"https:\/\/sitee.io\/over-ons\/#breadcrumb\"},\"inLanguage\":\"fr-BE\",\"potentialAction\":[{\"@type\":\"ReadAction\",\"target\":[\"https:\/\/sitee.io\/over-ons\/\"]}]},{\"@type\":\"BreadcrumbList\",\"@id\":\"https:\/\/sitee.io\/over-ons\/#breadcrumb\",\"itemListElement\":[{\"@type\":\"ListItem\",\"position\":1,\"name\":\"Home\",\"item\":\"https:\/\/sitee.io\/fr\/\"},{\"@type\":\"ListItem\",\"position\":2,\"name\":\"Qui sommes-nous\"}]},{\"@type\":\"WebSite\",\"@id\":\"https:\/\/sitee.io\/#website\",\"url\":\"https:\/\/sitee.io\/\",\"name\":\"Sitee\",\"description\":\"\",\"publisher\":{\"@id\":\"https:\/\/sitee.io\/#organization\"},\"alternateName\":\"Sitee.io\",\"potentialAction\":[{\"@type\":\"SearchAction\",\"target\":{\"@type\":\"EntryPoint\",\"urlTemplate\":\"https:\/\/sitee.io\/?s={search_term_string}\"},\"query-input\":{\"@type\":\"PropertyValueSpecification\",\"valueRequired\":true,\"valueName\":\"search_term_string\"}}],\"inLanguage\":\"fr-BE\"},{\"@type\":\"Organization\",\"@id\":\"https:\/\/sitee.io\/#organization\",\"name\":\"Sitee\",\"alternateName\":\"Sitee.io\",\"url\":\"https:\/\/sitee.io\/\",\"logo\":{\"@type\":\"ImageObject\",\"inLanguage\":\"fr-BE\",\"@id\":\"https:\/\/sitee.io\/#\/schema\/logo\/image\/\",\"url\":\"https:\/\/sitee.io\/wp-content\/uploads\/2023\/03\/favicon.png\",\"contentUrl\":\"https:\/\/sitee.io\/wp-content\/uploads\/2023\/03\/favicon.png\",\"width\":270,\"height\":270,\"caption\":\"Sitee\"},\"image\":{\"@id\":\"https:\/\/sitee.io\/#\/schema\/logo\/image\/\"}}]}<\/script>\n<!-- \/ Yoast SEO plugin. -->","yoast_head_json":{"title":"Qui sommes-nous - Sitee","description":"Rencontrez l'\u00e9quipe derri\u00e8re Sitee et apprenez-en plus sur nous. Chaque jour nous vous aidons \u00e0 booster votre business et bien plus encore !","robots":{"index":"noindex","follow":"follow","max-snippet":"max-snippet:-1","max-image-preview":"max-image-preview:large","max-video-preview":"max-video-preview:-1"},"og_locale":"fr_FR","og_type":"article","og_title":"Qui sommes-nous - Sitee","og_description":"Rencontrez l'\u00e9quipe derri\u00e8re Sitee et apprenez-en plus sur nous. Chaque jour nous vous aidons \u00e0 booster votre business et bien plus encore !","og_url":"https:\/\/sitee.io\/over-ons\/","og_site_name":"Sitee","article_modified_time":"2024-06-10T13:34:47+00:00","twitter_card":"summary_large_image","twitter_misc":{"Dur\u00e9e de lecture est.":"4 minutes"},"schema":{"@context":"https:\/\/schema.org","@graph":[{"@type":"WebPage","@id":"https:\/\/sitee.io\/over-ons\/","url":"https:\/\/sitee.io\/over-ons\/","name":"Qui sommes-nous - Sitee","isPartOf":{"@id":"https:\/\/sitee.io\/#website"},"datePublished":"2023-03-31T12:21:37+00:00","dateModified":"2024-06-10T13:34:47+00:00","description":"Rencontrez l'\u00e9quipe derri\u00e8re Sitee et apprenez-en plus sur nous. Chaque jour nous vous aidons \u00e0 booster votre business et bien plus encore !","breadcrumb":{"@id":"https:\/\/sitee.io\/over-ons\/#breadcrumb"},"inLanguage":"fr-BE","potentialAction":[{"@type":"ReadAction","target":["https:\/\/sitee.io\/over-ons\/"]}]},{"@type":"BreadcrumbList","@id":"https:\/\/sitee.io\/over-ons\/#breadcrumb","itemListElement":[{"@type":"ListItem","position":1,"name":"Home","item":"https:\/\/sitee.io\/fr\/"},{"@type":"ListItem","position":2,"name":"Qui sommes-nous"}]},{"@type":"WebSite","@id":"https:\/\/sitee.io\/#website","url":"https:\/\/sitee.io\/","name":"Sitee","description":"","publisher":{"@id":"https:\/\/sitee.io\/#organization"},"alternateName":"Sitee.io","potentialAction":[{"@type":"SearchAction","target":{"@type":"EntryPoint","urlTemplate":"https:\/\/sitee.io\/?s={search_term_string}"},"query-input":{"@type":"PropertyValueSpecification","valueRequired":true,"valueName":"search_term_string"}}],"inLanguage":"fr-BE"},{"@type":"Organization","@id":"https:\/\/sitee.io\/#organization","name":"Sitee","alternateName":"Sitee.io","url":"https:\/\/sitee.io\/","logo":{"@type":"ImageObject","inLanguage":"fr-BE","@id":"https:\/\/sitee.io\/#\/schema\/logo\/image\/","url":"https:\/\/sitee.io\/wp-content\/uploads\/2023\/03\/favicon.png","contentUrl":"https:\/\/sitee.io\/wp-content\/uploads\/2023\/03\/favicon.png","width":270,"height":270,"caption":"Sitee"},"image":{"@id":"https:\/\/sitee.io\/#\/schema\/logo\/image\/"}}]}},"_links":{"self":[{"href":"https:\/\/sitee.io\/fr\/wp-json\/wp\/v2\/pages\/2041","targetHints":{"allow":["GET"]}}],"collection":[{"href":"https:\/\/sitee.io\/fr\/wp-json\/wp\/v2\/pages"}],"about":[{"href":"https:\/\/sitee.io\/fr\/wp-json\/wp\/v2\/types\/page"}],"author":[{"embeddable":true,"href":"https:\/\/sitee.io\/fr\/wp-json\/wp\/v2\/users\/1"}],"replies":[{"embeddable":true,"href":"https:\/\/sitee.io\/fr\/wp-json\/wp\/v2\/comments?post=2041"}],"version-history":[{"count":6,"href":"https:\/\/sitee.io\/fr\/wp-json\/wp\/v2\/pages\/2041\/revisions"}],"predecessor-version":[{"id":3782,"href":"https:\/\/sitee.io\/fr\/wp-json\/wp\/v2\/pages\/2041\/revisions\/3782"}],"wp:attachment":[{"href":"https:\/\/sitee.io\/fr\/wp-json\/wp\/v2\/media?parent=2041"}],"wp:term":[{"taxonomy":"functie_categorie","embeddable":true,"href":"https:\/\/sitee.io\/fr\/wp-json\/wp\/v2\/functie_categorie?post=2041"}],"curies":[{"name":"wp","href":"https:\/\/api.w.org\/{rel}","templated":true}]}}